{"id":1399,"date":"2013-10-12T10:52:23","date_gmt":"2013-10-12T07:52:23","guid":{"rendered":"http:\/\/101oscarcar.gr\/?page_id=1399"},"modified":"2026-02-03T20:31:37","modified_gmt":"2026-02-03T18:31:37","slug":"mietbedingungen","status":"publish","type":"page","link":"https:\/\/101oscarcar.gr\/de\/mietbedingungen\/","title":{"rendered":"Mietbedingungen"},"content":{"rendered":"<p><strong>Oscar\u2013Car<\/strong> begr\u00fc\u00dft Sie Mietwagen auf Kreta in Chania, Rethymnon und Heraklion.<\/p>\n<p><strong>Oscar Auto mieten<\/strong> kann eine der besten Reise-Optionen f\u00fcr Qualit\u00e4t und wirtschaftliche Mietwagen Ihre Reise nach Kreta sein.<\/p>\n<p>Mieten Sie ein Auto und fahren <strong>Oscar<\/strong> im Urlaub auf Kreta.Wir bieten Ihnen die neuesten Modelle zu attraktiven Preisen. Wir haben eine gro\u00dfe Anzahl von Autos in Kategorien unterteilt.<\/p>\n<p><strong>Mietwagen Rethymnon \u2013 Chania \u2013 Heraklion<\/strong><\/p>\n<p>Mietwagen auf Kreta was Sie wissen sollten, bevor Sie ein Auto mieten in Kreta.<\/p>\n<p>Jede Mietwagen w\u00e4hlen, um jeden Preis, \u00fcberpr\u00fcfen Sie die Mietbedingungen zu sehen, wer ein Auto mieten, wenn Sie alt genug sind, wenn das Patent g\u00fcltig ist, was es Sicherheit, sowie die Verpflichtungen des Vermieters deckt.<\/p>\n\n        <div class=\"container\">\n            <div><strong>ALLGEMEINE MIETBEDINGUNGEN<\/strong><\/div>\n    \n            <div><strong>1)<\/strong> Mindestalter des Fahrers <strong>23 Jahre<\/strong>, f\u00fcr Jeeps und Minibusse <strong>25 Jahre<\/strong>.<\/div>\n            <div><strong>2)<\/strong> Der F\u00fchrerschein muss mindesten <span style=\"color: #ff0000;\">24<\/span> Monate vor der Vermietung ausgestellt sein.<\/div>\n            <div><strong>3)<\/strong> Die Mindestmietdauer betr\u00e4gt 1 Tag ohne Kilometerbeschr\u00e4nkung.<\/div>\n            <div><strong>4)<\/strong> <strong>Versicherungsleistungen<\/strong>:\n            <ul>\n                <li><strong>FCI<\/strong> (=Fully Comprehensive Insurance) V\u00f6llig umfassende Versicherung: Sie deckt alle Materialsch\u00e4den, welche am Mietwagen von den berechtigten Fahrern w\u00e4hrend des Mietzeitraums verursacht werden. <\/li>\n                <li><strong>PAI<\/strong> (=Personal Accident Insurance) Pers\u00f6nliche Unfallversicherung: Sie deckt die K\u00f6rperverletzungen der Passagiere und der berechtigten Fahrer.<\/li>\n                <li><strong>TPI<\/strong> (=Third Party Insurance) Kfz-Haftpflichtversicherung : Sie deckt K\u00f6rperverletzungen und Materialsch\u00e4den an Dritten.<\/li>\n                <li><strong>TLW<\/strong> (=Theft Liability Waiver and Fire Insurance) Haftungsverzicht bei Diebstahl und Feuerversicherung: Ohne zus\u00e4tzliches Geb\u00fchr.<\/li>\n                <li><strong>TWU<\/strong> (=Tires, Wheels and Underbody Insurance) Versicherung f\u00fcr Reifen, R\u00e4der und Unterboden: Sie deckt die Sch\u00e4den an den Reifen, R\u00e4dern und dem Unterboden des Mietwagens, die sich beim Fahren auf \u00f6ffentlichen Stra\u00dfen ereignen.<\/li>\n                <li><strong>Versicherung gegen Glas- und Spiegelbruch<\/strong>: Ohne zus\u00e4tzliches Geb\u00fchr.<\/li>\n            <\/ul>\n            <\/div>\n            <div><strong>5)<\/strong> Die H\u00f6he des Schadensersatzes richtet sich jeweils nach dem Versicherungsvertrag.<\/div>\n            <div><strong>6)<\/strong> Falls der Fahrer unter Alkohol- oder Drogeneinfluss in einen Unfall verwickelt ist, besteht keine Versicherungsdeckung und die Haftung liegt ausschlie\u00dflich beim Fahrer. Das Gleiche gilt, falls der Name des Fahrers nicht ausdr\u00fccklich im Mietvertrag erw\u00e4hnt wird.<\/div>\n            <div><strong>7)<\/strong> Die TWU (Versicherung f\u00fcr Reifen, R\u00e4der und Unterboden) findet keine Anwendung, wenn das Fahrzeug auf einer nicht-asphaltierten Stra\u00dfe verwendet wird.<\/div>\n            <div><strong>8)<\/strong> Das Benzin, das w\u00e4hrend der Mietdauer verbraucht wird, geht zu Lasten des Mieters.<\/div>\n            <div><strong>9)<\/strong> F\u00fcr die Verschiffung des Fahrzeugs bedarf es der schriftlichen Genehmigung von OSCAR Car.<\/div>\n            <div><strong>10)<\/strong> Alle w\u00e4hrend der Mietzeit anfallenden Bu\u00dfgelder wegen Verst\u00f6\u00dfen gegen die Stra\u00dfenverkehrsordnung gehen zu Lasten des Mieters.<\/div>\n            <div><strong>11)<\/strong> Im Verlustfall der Fahrzeugschl\u00fcssel ist der Mieter verpflichtet den Preis f\u00fcr ihre Ersetzung zu zahlen, oder m\u00f6gliche Kosten zu ihrer Auffindung zu \u00fcbernehmen.<\/div>\n            <div><strong>12)<\/strong> 24-st\u00fcndige Pannenhilfe.<\/div>\n            <div><strong>13)<\/strong> Der Endpreis umfasst Mehrwertsteuer.<\/div>\n            <div><strong>14)<\/strong> Zahlungsbedingungen: Die Zahlung wird bei \u00dcbergabe des Fahrzeugs entweder in bar oder \u00fcber Kreditkarte (VISA, MASTER CARD) abgewickelt.<\/div>\n            <div><strong>15)<\/strong> Ersatzfahrzeug. Unsere Firma ist verpflichtet, Ihnen im Fall eines Motorschadens und in anderen F\u00e4llen, die in unserem Verantwortungsbereich liegen, einen Ersatzwagen zur Verf\u00fcgung zu stellen.<\/div>\n            <div><strong>16)<\/strong> OSCAR Car stellt seinen Kunden kostenlos eine Kretakarte zur Verf\u00fcgung und auf Anfrage einen Kindersitz oder Gep\u00e4cktr\u00e4ger.<\/div>\n        <\/div>\n    \n","protected":false},"excerpt":{"rendered":"<p>Oscar\u2013Car begr\u00fc\u00dft Sie Mietwagen auf Kreta in Chania, Rethymnon und Heraklion. Oscar Auto mieten kann eine der besten Reise-Optionen f\u00fcr Qualit\u00e4t und wirtschaftliche Mietwagen Ihre Reise nach Kreta sein. Mieten Sie ein Auto und fahren Oscar im Urlaub auf Kreta.Wir bieten Ihnen die neuesten Modelle zu attraktiven<\/p>\n","protected":false},"author":1,"featured_media":0,"parent":0,"menu_order":0,"comment_status":"closed","ping_status":"closed","template":"","meta":{"_acf_changed":false,"footnotes":""},"class_list":["post-1399","page","type-page","status-publish","hentry"],"acf":[],"yoast_head":"<!-- This site is optimized with the Yoast SEO plugin v24.2 - https:\/\/yoast.com\/wordpress\/plugins\/seo\/ -->\n<title>Mietbedingungen - 101 Oscar Car - Cheap car rentals in Crete: Chania - Rethymno - Heraklion<\/title>\n<meta name=\"robots\" content=\"index, follow, max-snippet:-1, max-image-preview:large, max-video-preview:-1\" \/>\n<link rel=\"canonical\" href=\"https:\/\/101oscarcar.gr\/de\/mietbedingungen\/\" \/>\n<meta property=\"og:locale\" content=\"de_DE\" \/>\n<meta property=\"og:type\" content=\"article\" \/>\n<meta property=\"og:title\" content=\"Mietbedingungen - 101 Oscar Car - Cheap car rentals in Crete: Chania - Rethymno - Heraklion\" \/>\n<meta property=\"og:description\" content=\"Oscar\u2013Car begr\u00fc\u00dft Sie Mietwagen auf Kreta in Chania, Rethymnon und Heraklion. Oscar Auto mieten kann eine der besten Reise-Optionen f\u00fcr Qualit\u00e4t und wirtschaftliche Mietwagen Ihre Reise nach Kreta sein. Mieten Sie ein Auto und fahren Oscar im Urlaub auf Kreta.Wir bieten Ihnen die neuesten Modelle zu attraktiven\" \/>\n<meta property=\"og:url\" content=\"https:\/\/101oscarcar.gr\/de\/mietbedingungen\/\" \/>\n<meta property=\"og:site_name\" content=\"101 Oscar Car - Cheap car rentals in Crete: Chania - Rethymno - Heraklion\" \/>\n<meta property=\"article:publisher\" content=\"https:\/\/www.facebook.com\/101-Oscar-Car-749281678420071\/\" \/>\n<meta property=\"article:modified_time\" content=\"2026-02-03T18:31:37+00:00\" \/>\n<meta name=\"twitter:label1\" content=\"Gesch\u00e4tzte Lesezeit\" \/>\n\t<meta name=\"twitter:data1\" content=\"1 Minute\" \/>\n<script type=\"application\/ld+json\" class=\"yoast-schema-graph\">{\"@context\":\"https:\/\/schema.org\",\"@graph\":[{\"@type\":\"WebPage\",\"@id\":\"https:\/\/101oscarcar.gr\/de\/mietbedingungen\/\",\"url\":\"https:\/\/101oscarcar.gr\/de\/mietbedingungen\/\",\"name\":\"Mietbedingungen - 101 Oscar Car - Cheap car rentals in Crete: Chania - Rethymno - Heraklion\",\"isPartOf\":{\"@id\":\"https:\/\/101oscarcar.gr\/#website\"},\"datePublished\":\"2013-10-12T07:52:23+00:00\",\"dateModified\":\"2026-02-03T18:31:37+00:00\",\"inLanguage\":\"de\",\"potentialAction\":[{\"@type\":\"ReadAction\",\"target\":[\"https:\/\/101oscarcar.gr\/de\/mietbedingungen\/\"]}]},{\"@type\":\"WebSite\",\"@id\":\"https:\/\/101oscarcar.gr\/#website\",\"url\":\"https:\/\/101oscarcar.gr\/\",\"name\":\"101 Oscar Car - Cheap car rentals in Crete: Chania - Rethymno - Heraklion\",\"description\":\"Rent a car all over Crete\",\"potentialAction\":[{\"@type\":\"SearchAction\",\"target\":{\"@type\":\"EntryPoint\",\"urlTemplate\":\"https:\/\/101oscarcar.gr\/?s={search_term_string}\"},\"query-input\":{\"@type\":\"PropertyValueSpecification\",\"valueRequired\":true,\"valueName\":\"search_term_string\"}}],\"inLanguage\":\"de\"}]}<\/script>\n<!-- \/ Yoast SEO plugin. -->","yoast_head_json":{"title":"Mietbedingungen - 101 Oscar Car - Cheap car rentals in Crete: Chania - Rethymno - Heraklion","robots":{"index":"index","follow":"follow","max-snippet":"max-snippet:-1","max-image-preview":"max-image-preview:large","max-video-preview":"max-video-preview:-1"},"canonical":"https:\/\/101oscarcar.gr\/de\/mietbedingungen\/","og_locale":"de_DE","og_type":"article","og_title":"Mietbedingungen - 101 Oscar Car - Cheap car rentals in Crete: Chania - Rethymno - Heraklion","og_description":"Oscar\u2013Car begr\u00fc\u00dft Sie Mietwagen auf Kreta in Chania, Rethymnon und Heraklion. Oscar Auto mieten kann eine der besten Reise-Optionen f\u00fcr Qualit\u00e4t und wirtschaftliche Mietwagen Ihre Reise nach Kreta sein. Mieten Sie ein Auto und fahren Oscar im Urlaub auf Kreta.Wir bieten Ihnen die neuesten Modelle zu attraktiven","og_url":"https:\/\/101oscarcar.gr\/de\/mietbedingungen\/","og_site_name":"101 Oscar Car - Cheap car rentals in Crete: Chania - Rethymno - Heraklion","article_publisher":"https:\/\/www.facebook.com\/101-Oscar-Car-749281678420071\/","article_modified_time":"2026-02-03T18:31:37+00:00","twitter_misc":{"Gesch\u00e4tzte Lesezeit":"1 Minute"},"schema":{"@context":"https:\/\/schema.org","@graph":[{"@type":"WebPage","@id":"https:\/\/101oscarcar.gr\/de\/mietbedingungen\/","url":"https:\/\/101oscarcar.gr\/de\/mietbedingungen\/","name":"Mietbedingungen - 101 Oscar Car - Cheap car rentals in Crete: Chania - Rethymno - Heraklion","isPartOf":{"@id":"https:\/\/101oscarcar.gr\/#website"},"datePublished":"2013-10-12T07:52:23+00:00","dateModified":"2026-02-03T18:31:37+00:00","inLanguage":"de","potentialAction":[{"@type":"ReadAction","target":["https:\/\/101oscarcar.gr\/de\/mietbedingungen\/"]}]},{"@type":"WebSite","@id":"https:\/\/101oscarcar.gr\/#website","url":"https:\/\/101oscarcar.gr\/","name":"101 Oscar Car - Cheap car rentals in Crete: Chania - Rethymno - Heraklion","description":"Rent a car all over Crete","potentialAction":[{"@type":"SearchAction","target":{"@type":"EntryPoint","urlTemplate":"https:\/\/101oscarcar.gr\/?s={search_term_string}"},"query-input":{"@type":"PropertyValueSpecification","valueRequired":true,"valueName":"search_term_string"}}],"inLanguage":"de"}]}},"_links":{"self":[{"href":"https:\/\/101oscarcar.gr\/de\/wp-json\/wp\/v2\/pages\/1399","targetHints":{"allow":["GET"]}}],"collection":[{"href":"https:\/\/101oscarcar.gr\/de\/wp-json\/wp\/v2\/pages"}],"about":[{"href":"https:\/\/101oscarcar.gr\/de\/wp-json\/wp\/v2\/types\/page"}],"author":[{"embeddable":true,"href":"https:\/\/101oscarcar.gr\/de\/wp-json\/wp\/v2\/users\/1"}],"replies":[{"embeddable":true,"href":"https:\/\/101oscarcar.gr\/de\/wp-json\/wp\/v2\/comments?post=1399"}],"version-history":[{"count":0,"href":"https:\/\/101oscarcar.gr\/de\/wp-json\/wp\/v2\/pages\/1399\/revisions"}],"wp:attachment":[{"href":"https:\/\/101oscarcar.gr\/de\/wp-json\/wp\/v2\/media?parent=1399"}],"curies":[{"name":"wp","href":"https:\/\/api.w.org\/{rel}","templated":true}]}}