{"id":1511,"date":"2013-10-14T17:48:46","date_gmt":"2013-10-14T14:48:46","guid":{"rendered":"http:\/\/101oscarcar.gr\/?page_id=1511"},"modified":"2013-10-14T17:48:46","modified_gmt":"2013-10-14T14:48:46","slug":"spinalonga","status":"publish","type":"page","link":"https:\/\/101oscarcar.gr\/de\/orte-zu-besuchen\/spinalonga\/","title":{"rendered":"Spinalonga"},"content":{"rendered":"<h3>Spinalonga<\/h3>\n<div style=\"text-align:center;\"><div class=\"custom-frame-wrapper aligncenter frame-shadow\"><div class=\"custom-frame-inner-wrapper\"><div class=\"custom-frame-padding\">    <img decoding=\"async\" src=\"http:\/\/101oscarcar.gr\/wp-content\/uploads\/2013\/08\/spinalonga.jpg\" alt=\"Spinalonga - Oscar Car Rent a car all over Crete\" \/><\/div><\/div><\/div><\/div>\n<p>Die gr\u00f6\u00dfte Stadt in der Pr\u00e4fektur Lassithi &#8211; 35 km SE von St. Nikolaus &#8211; ist auf den Ausgang eines fruchtbaren Tal, wo alte Ierapytna, einer der wichtigsten St\u00e4dte der Insel Kretas.<\/p>\n","protected":false},"excerpt":{"rendered":"<p>Spinalonga Die gr\u00f6\u00dfte Stadt in der Pr\u00e4fektur Lassithi &#8211; 35 km SE von St. Nikolaus &#8211; ist auf den Ausgang eines fruchtbaren Tal, wo alte Ierapytna, einer der wichtigsten St\u00e4dte der Insel Kretas.<\/p>\n","protected":false},"author":1,"featured_media":0,"parent":1446,"menu_order":0,"comment_status":"closed","ping_status":"closed","template":"page-PageTemplate2.php","meta":{"_acf_changed":false,"footnotes":""},"class_list":["post-1511","page","type-page","status-publish","hentry"],"acf":[],"yoast_head":"<!-- This site is optimized with the Yoast SEO plugin v24.2 - https:\/\/yoast.com\/wordpress\/plugins\/seo\/ -->\n<title>Spinalonga - 101 Oscar Car - Cheap car rentals in Crete: Chania - Rethymno - Heraklion<\/title>\n<meta name=\"robots\" content=\"index, follow, max-snippet:-1, max-image-preview:large, max-video-preview:-1\" \/>\n<link rel=\"canonical\" href=\"https:\/\/101oscarcar.gr\/places-to-visit\/spinalonga\/\" \/>\n<meta property=\"og:locale\" content=\"de_DE\" \/>\n<meta property=\"og:type\" content=\"article\" \/>\n<meta property=\"og:title\" content=\"Spinalonga - 101 Oscar Car - Cheap car rentals in Crete: Chania - Rethymno - Heraklion\" \/>\n<meta property=\"og:description\" content=\"Spinalonga Die gr\u00f6\u00dfte Stadt in der Pr\u00e4fektur Lassithi &#8211; 35 km SE von St. Nikolaus &#8211; ist auf den Ausgang eines fruchtbaren Tal, wo alte Ierapytna, einer der wichtigsten St\u00e4dte der Insel Kretas.\" \/>\n<meta property=\"og:url\" content=\"https:\/\/101oscarcar.gr\/places-to-visit\/spinalonga\/\" \/>\n<meta property=\"og:site_name\" content=\"101 Oscar Car - Cheap car rentals in Crete: Chania - Rethymno - Heraklion\" \/>\n<meta property=\"article:publisher\" content=\"https:\/\/www.facebook.com\/101-Oscar-Car-749281678420071\/\" \/>\n<meta property=\"og:image\" content=\"http:\/\/101oscarcar.gr\/wp-content\/uploads\/2013\/08\/spinalonga.jpg\" \/>\n<script type=\"application\/ld+json\" class=\"yoast-schema-graph\">{\"@context\":\"https:\/\/schema.org\",\"@graph\":[{\"@type\":\"WebPage\",\"@id\":\"https:\/\/101oscarcar.gr\/places-to-visit\/spinalonga\/\",\"url\":\"https:\/\/101oscarcar.gr\/places-to-visit\/spinalonga\/\",\"name\":\"Spinalonga - 101 Oscar Car - Cheap car rentals in Crete: Chania - Rethymno - Heraklion\",\"isPartOf\":{\"@id\":\"https:\/\/101oscarcar.gr\/#website\"},\"primaryImageOfPage\":{\"@id\":\"https:\/\/101oscarcar.gr\/places-to-visit\/spinalonga\/#primaryimage\"},\"image\":{\"@id\":\"https:\/\/101oscarcar.gr\/places-to-visit\/spinalonga\/#primaryimage\"},\"thumbnailUrl\":\"http:\/\/101oscarcar.gr\/wp-content\/uploads\/2013\/08\/spinalonga.jpg\",\"datePublished\":\"2013-10-14T14:48:46+00:00\",\"dateModified\":\"2013-10-14T14:48:46+00:00\",\"breadcrumb\":{\"@id\":\"https:\/\/101oscarcar.gr\/places-to-visit\/spinalonga\/#breadcrumb\"},\"inLanguage\":\"de\",\"potentialAction\":[{\"@type\":\"ReadAction\",\"target\":[\"https:\/\/101oscarcar.gr\/places-to-visit\/spinalonga\/\"]}]},{\"@type\":\"ImageObject\",\"inLanguage\":\"de\",\"@id\":\"https:\/\/101oscarcar.gr\/places-to-visit\/spinalonga\/#primaryimage\",\"url\":\"http:\/\/101oscarcar.gr\/wp-content\/uploads\/2013\/08\/spinalonga.jpg\",\"contentUrl\":\"http:\/\/101oscarcar.gr\/wp-content\/uploads\/2013\/08\/spinalonga.jpg\"},{\"@type\":\"BreadcrumbList\",\"@id\":\"https:\/\/101oscarcar.gr\/places-to-visit\/spinalonga\/#breadcrumb\",\"itemListElement\":[{\"@type\":\"ListItem\",\"position\":1,\"name\":\"Orte zu besuchen\",\"item\":\"https:\/\/101oscarcar.gr\/de\/orte-zu-besuchen\/\"},{\"@type\":\"ListItem\",\"position\":2,\"name\":\"Spinalonga\"}]},{\"@type\":\"WebSite\",\"@id\":\"https:\/\/101oscarcar.gr\/#website\",\"url\":\"https:\/\/101oscarcar.gr\/\",\"name\":\"101 Oscar Car - Cheap car rentals in Crete: Chania - Rethymno - Heraklion\",\"description\":\"Rent a car all over Crete\",\"potentialAction\":[{\"@type\":\"SearchAction\",\"target\":{\"@type\":\"EntryPoint\",\"urlTemplate\":\"https:\/\/101oscarcar.gr\/?s={search_term_string}\"},\"query-input\":{\"@type\":\"PropertyValueSpecification\",\"valueRequired\":true,\"valueName\":\"search_term_string\"}}],\"inLanguage\":\"de\"}]}<\/script>\n<!-- \/ Yoast SEO plugin. -->","yoast_head_json":{"title":"Spinalonga - 101 Oscar Car - Cheap car rentals in Crete: Chania - Rethymno - Heraklion","robots":{"index":"index","follow":"follow","max-snippet":"max-snippet:-1","max-image-preview":"max-image-preview:large","max-video-preview":"max-video-preview:-1"},"canonical":"https:\/\/101oscarcar.gr\/places-to-visit\/spinalonga\/","og_locale":"de_DE","og_type":"article","og_title":"Spinalonga - 101 Oscar Car - Cheap car rentals in Crete: Chania - Rethymno - Heraklion","og_description":"Spinalonga Die gr\u00f6\u00dfte Stadt in der Pr\u00e4fektur Lassithi &#8211; 35 km SE von St. Nikolaus &#8211; ist auf den Ausgang eines fruchtbaren Tal, wo alte Ierapytna, einer der wichtigsten St\u00e4dte der Insel Kretas.","og_url":"https:\/\/101oscarcar.gr\/places-to-visit\/spinalonga\/","og_site_name":"101 Oscar Car - Cheap car rentals in Crete: Chania - Rethymno - Heraklion","article_publisher":"https:\/\/www.facebook.com\/101-Oscar-Car-749281678420071\/","og_image":[{"url":"http:\/\/101oscarcar.gr\/wp-content\/uploads\/2013\/08\/spinalonga.jpg","type":"","width":"","height":""}],"schema":{"@context":"https:\/\/schema.org","@graph":[{"@type":"WebPage","@id":"https:\/\/101oscarcar.gr\/places-to-visit\/spinalonga\/","url":"https:\/\/101oscarcar.gr\/places-to-visit\/spinalonga\/","name":"Spinalonga - 101 Oscar Car - Cheap car rentals in Crete: Chania - Rethymno - Heraklion","isPartOf":{"@id":"https:\/\/101oscarcar.gr\/#website"},"primaryImageOfPage":{"@id":"https:\/\/101oscarcar.gr\/places-to-visit\/spinalonga\/#primaryimage"},"image":{"@id":"https:\/\/101oscarcar.gr\/places-to-visit\/spinalonga\/#primaryimage"},"thumbnailUrl":"http:\/\/101oscarcar.gr\/wp-content\/uploads\/2013\/08\/spinalonga.jpg","datePublished":"2013-10-14T14:48:46+00:00","dateModified":"2013-10-14T14:48:46+00:00","breadcrumb":{"@id":"https:\/\/101oscarcar.gr\/places-to-visit\/spinalonga\/#breadcrumb"},"inLanguage":"de","potentialAction":[{"@type":"ReadAction","target":["https:\/\/101oscarcar.gr\/places-to-visit\/spinalonga\/"]}]},{"@type":"ImageObject","inLanguage":"de","@id":"https:\/\/101oscarcar.gr\/places-to-visit\/spinalonga\/#primaryimage","url":"http:\/\/101oscarcar.gr\/wp-content\/uploads\/2013\/08\/spinalonga.jpg","contentUrl":"http:\/\/101oscarcar.gr\/wp-content\/uploads\/2013\/08\/spinalonga.jpg"},{"@type":"BreadcrumbList","@id":"https:\/\/101oscarcar.gr\/places-to-visit\/spinalonga\/#breadcrumb","itemListElement":[{"@type":"ListItem","position":1,"name":"Orte zu besuchen","item":"https:\/\/101oscarcar.gr\/de\/orte-zu-besuchen\/"},{"@type":"ListItem","position":2,"name":"Spinalonga"}]},{"@type":"WebSite","@id":"https:\/\/101oscarcar.gr\/#website","url":"https:\/\/101oscarcar.gr\/","name":"101 Oscar Car - Cheap car rentals in Crete: Chania - Rethymno - Heraklion","description":"Rent a car all over Crete","potentialAction":[{"@type":"SearchAction","target":{"@type":"EntryPoint","urlTemplate":"https:\/\/101oscarcar.gr\/?s={search_term_string}"},"query-input":{"@type":"PropertyValueSpecification","valueRequired":true,"valueName":"search_term_string"}}],"inLanguage":"de"}]}},"_links":{"self":[{"href":"https:\/\/101oscarcar.gr\/de\/wp-json\/wp\/v2\/pages\/1511","targetHints":{"allow":["GET"]}}],"collection":[{"href":"https:\/\/101oscarcar.gr\/de\/wp-json\/wp\/v2\/pages"}],"about":[{"href":"https:\/\/101oscarcar.gr\/de\/wp-json\/wp\/v2\/types\/page"}],"author":[{"embeddable":true,"href":"https:\/\/101oscarcar.gr\/de\/wp-json\/wp\/v2\/users\/1"}],"replies":[{"embeddable":true,"href":"https:\/\/101oscarcar.gr\/de\/wp-json\/wp\/v2\/comments?post=1511"}],"version-history":[{"count":0,"href":"https:\/\/101oscarcar.gr\/de\/wp-json\/wp\/v2\/pages\/1511\/revisions"}],"up":[{"embeddable":true,"href":"https:\/\/101oscarcar.gr\/de\/wp-json\/wp\/v2\/pages\/1446"}],"wp:attachment":[{"href":"https:\/\/101oscarcar.gr\/de\/wp-json\/wp\/v2\/media?parent=1511"}],"curies":[{"name":"wp","href":"https:\/\/api.w.org\/{rel}","templated":true}]}}