{"id":2710,"date":"2024-05-06T11:57:14","date_gmt":"2024-05-06T08:57:14","guid":{"rendered":"https:\/\/101oscarcar.gr\/?page_id=2710"},"modified":"2024-05-06T11:57:14","modified_gmt":"2024-05-06T08:57:14","slug":"aptera","status":"publish","type":"page","link":"https:\/\/101oscarcar.gr\/de\/orte-zu-besuchen\/aptera\/","title":{"rendered":"Aptera"},"content":{"rendered":"<h3>Aptera<\/h3>\n<div style=\"text-align:center;\"><div class=\"custom-frame-wrapper aligncenter frame-shadow\"><div class=\"custom-frame-inner-wrapper\"><div class=\"custom-frame-padding\">    <img decoding=\"async\" src=\"https:\/\/101oscarcar.gr\/wp-content\/uploads\/2024\/05\/aptera-2.jpg\" alt=\"Aptera - Oscar Car Rent a car all over Crete\" \/><\/div><\/div><\/div><\/div>\n<p>Aptera war eine antike Stadt, heute eine arch\u00e4ologische St\u00e4tte im Westen Kretas, einen Kilometer landeinw\u00e4rts vom S\u00fcdufer der Souda-Bucht, etwa 13 km \u00f6stlich der Stadt Chania.<\/p>\n<p>Aufgrund seiner \u00e4u\u00dferst g\u00fcnstigen geografischen Lage war der Stadtstaat von der minoischen bis zur hellenistischen Zeit m\u00e4chtig, bis er allm\u00e4hlich verfiel.<\/p>\n<p>In der griechischen Mythologie war Aptera Schauplatz des legend\u00e4ren Kampfes zwischen den Sirenen und den Musen, als die Sirenen nach dem Sieg der Musen die Federn ihrer Fl\u00fcgel von ihren Schultern verloren und sich, nachdem sie wei\u00df geworden waren, ins Meer warfen . Der Name der Stadt bedeutet w\u00f6rtlich \u201eohne Fl\u00fcgel\u201c.<\/p>\n","protected":false},"excerpt":{"rendered":"<p>Aptera Aptera war eine antike Stadt, heute eine arch\u00e4ologische St\u00e4tte im Westen Kretas, einen Kilometer landeinw\u00e4rts vom S\u00fcdufer der Souda-Bucht, etwa 13 km \u00f6stlich der Stadt Chania. Aufgrund seiner \u00e4u\u00dferst g\u00fcnstigen geografischen Lage war der Stadtstaat von der minoischen bis zur hellenistischen Zeit m\u00e4chtig, bis er allm\u00e4hlich<\/p>\n","protected":false},"author":1,"featured_media":0,"parent":1446,"menu_order":0,"comment_status":"closed","ping_status":"closed","template":"page-PageTemplate2.php","meta":{"_acf_changed":false,"footnotes":""},"class_list":["post-2710","page","type-page","status-publish","hentry"],"acf":[],"yoast_head":"<!-- This site is optimized with the Yoast SEO plugin v24.2 - https:\/\/yoast.com\/wordpress\/plugins\/seo\/ -->\n<title>Aptera - 101 Oscar Car - Cheap car rentals in Crete: Chania - Rethymno - Heraklion<\/title>\n<meta name=\"robots\" content=\"index, follow, max-snippet:-1, max-image-preview:large, max-video-preview:-1\" \/>\n<link rel=\"canonical\" href=\"https:\/\/101oscarcar.gr\/places-to-visit\/aptera\/\" \/>\n<meta property=\"og:locale\" content=\"de_DE\" \/>\n<meta property=\"og:type\" content=\"article\" \/>\n<meta property=\"og:title\" content=\"Aptera - 101 Oscar Car - Cheap car rentals in Crete: Chania - Rethymno - Heraklion\" \/>\n<meta property=\"og:description\" content=\"Aptera Aptera war eine antike Stadt, heute eine arch\u00e4ologische St\u00e4tte im Westen Kretas, einen Kilometer landeinw\u00e4rts vom S\u00fcdufer der Souda-Bucht, etwa 13 km \u00f6stlich der Stadt Chania. Aufgrund seiner \u00e4u\u00dferst g\u00fcnstigen geografischen Lage war der Stadtstaat von der minoischen bis zur hellenistischen Zeit m\u00e4chtig, bis er allm\u00e4hlich\" \/>\n<meta property=\"og:url\" content=\"https:\/\/101oscarcar.gr\/places-to-visit\/aptera\/\" \/>\n<meta property=\"og:site_name\" content=\"101 Oscar Car - Cheap car rentals in Crete: Chania - Rethymno - Heraklion\" \/>\n<meta property=\"article:publisher\" content=\"https:\/\/www.facebook.com\/101-Oscar-Car-749281678420071\/\" \/>\n<meta property=\"og:image\" content=\"https:\/\/101oscarcar.gr\/wp-content\/uploads\/2024\/05\/aptera-2.jpg\" \/>\n<meta name=\"twitter:label1\" content=\"Gesch\u00e4tzte Lesezeit\" \/>\n\t<meta name=\"twitter:data1\" content=\"1 Minute\" \/>\n<script type=\"application\/ld+json\" class=\"yoast-schema-graph\">{\"@context\":\"https:\/\/schema.org\",\"@graph\":[{\"@type\":\"WebPage\",\"@id\":\"https:\/\/101oscarcar.gr\/places-to-visit\/aptera\/\",\"url\":\"https:\/\/101oscarcar.gr\/places-to-visit\/aptera\/\",\"name\":\"Aptera - 101 Oscar Car - Cheap car rentals in Crete: Chania - Rethymno - Heraklion\",\"isPartOf\":{\"@id\":\"https:\/\/101oscarcar.gr\/#website\"},\"primaryImageOfPage\":{\"@id\":\"https:\/\/101oscarcar.gr\/places-to-visit\/aptera\/#primaryimage\"},\"image\":{\"@id\":\"https:\/\/101oscarcar.gr\/places-to-visit\/aptera\/#primaryimage\"},\"thumbnailUrl\":\"https:\/\/101oscarcar.gr\/wp-content\/uploads\/2024\/05\/aptera-2.jpg\",\"datePublished\":\"2024-05-06T08:57:14+00:00\",\"dateModified\":\"2024-05-06T08:57:14+00:00\",\"breadcrumb\":{\"@id\":\"https:\/\/101oscarcar.gr\/places-to-visit\/aptera\/#breadcrumb\"},\"inLanguage\":\"de\",\"potentialAction\":[{\"@type\":\"ReadAction\",\"target\":[\"https:\/\/101oscarcar.gr\/places-to-visit\/aptera\/\"]}]},{\"@type\":\"ImageObject\",\"inLanguage\":\"de\",\"@id\":\"https:\/\/101oscarcar.gr\/places-to-visit\/aptera\/#primaryimage\",\"url\":\"https:\/\/101oscarcar.gr\/wp-content\/uploads\/2024\/05\/aptera-2.jpg\",\"contentUrl\":\"https:\/\/101oscarcar.gr\/wp-content\/uploads\/2024\/05\/aptera-2.jpg\"},{\"@type\":\"BreadcrumbList\",\"@id\":\"https:\/\/101oscarcar.gr\/places-to-visit\/aptera\/#breadcrumb\",\"itemListElement\":[{\"@type\":\"ListItem\",\"position\":1,\"name\":\"Orte zu besuchen\",\"item\":\"https:\/\/101oscarcar.gr\/de\/orte-zu-besuchen\/\"},{\"@type\":\"ListItem\",\"position\":2,\"name\":\"Aptera\"}]},{\"@type\":\"WebSite\",\"@id\":\"https:\/\/101oscarcar.gr\/#website\",\"url\":\"https:\/\/101oscarcar.gr\/\",\"name\":\"101 Oscar Car - Cheap car rentals in Crete: Chania - Rethymno - Heraklion\",\"description\":\"Rent a car all over Crete\",\"potentialAction\":[{\"@type\":\"SearchAction\",\"target\":{\"@type\":\"EntryPoint\",\"urlTemplate\":\"https:\/\/101oscarcar.gr\/?s={search_term_string}\"},\"query-input\":{\"@type\":\"PropertyValueSpecification\",\"valueRequired\":true,\"valueName\":\"search_term_string\"}}],\"inLanguage\":\"de\"}]}<\/script>\n<!-- \/ Yoast SEO plugin. -->","yoast_head_json":{"title":"Aptera - 101 Oscar Car - Cheap car rentals in Crete: Chania - Rethymno - Heraklion","robots":{"index":"index","follow":"follow","max-snippet":"max-snippet:-1","max-image-preview":"max-image-preview:large","max-video-preview":"max-video-preview:-1"},"canonical":"https:\/\/101oscarcar.gr\/places-to-visit\/aptera\/","og_locale":"de_DE","og_type":"article","og_title":"Aptera - 101 Oscar Car - Cheap car rentals in Crete: Chania - Rethymno - Heraklion","og_description":"Aptera Aptera war eine antike Stadt, heute eine arch\u00e4ologische St\u00e4tte im Westen Kretas, einen Kilometer landeinw\u00e4rts vom S\u00fcdufer der Souda-Bucht, etwa 13 km \u00f6stlich der Stadt Chania. Aufgrund seiner \u00e4u\u00dferst g\u00fcnstigen geografischen Lage war der Stadtstaat von der minoischen bis zur hellenistischen Zeit m\u00e4chtig, bis er allm\u00e4hlich","og_url":"https:\/\/101oscarcar.gr\/places-to-visit\/aptera\/","og_site_name":"101 Oscar Car - Cheap car rentals in Crete: Chania - Rethymno - Heraklion","article_publisher":"https:\/\/www.facebook.com\/101-Oscar-Car-749281678420071\/","og_image":[{"url":"https:\/\/101oscarcar.gr\/wp-content\/uploads\/2024\/05\/aptera-2.jpg","type":"","width":"","height":""}],"twitter_misc":{"Gesch\u00e4tzte Lesezeit":"1 Minute"},"schema":{"@context":"https:\/\/schema.org","@graph":[{"@type":"WebPage","@id":"https:\/\/101oscarcar.gr\/places-to-visit\/aptera\/","url":"https:\/\/101oscarcar.gr\/places-to-visit\/aptera\/","name":"Aptera - 101 Oscar Car - Cheap car rentals in Crete: Chania - Rethymno - Heraklion","isPartOf":{"@id":"https:\/\/101oscarcar.gr\/#website"},"primaryImageOfPage":{"@id":"https:\/\/101oscarcar.gr\/places-to-visit\/aptera\/#primaryimage"},"image":{"@id":"https:\/\/101oscarcar.gr\/places-to-visit\/aptera\/#primaryimage"},"thumbnailUrl":"https:\/\/101oscarcar.gr\/wp-content\/uploads\/2024\/05\/aptera-2.jpg","datePublished":"2024-05-06T08:57:14+00:00","dateModified":"2024-05-06T08:57:14+00:00","breadcrumb":{"@id":"https:\/\/101oscarcar.gr\/places-to-visit\/aptera\/#breadcrumb"},"inLanguage":"de","potentialAction":[{"@type":"ReadAction","target":["https:\/\/101oscarcar.gr\/places-to-visit\/aptera\/"]}]},{"@type":"ImageObject","inLanguage":"de","@id":"https:\/\/101oscarcar.gr\/places-to-visit\/aptera\/#primaryimage","url":"https:\/\/101oscarcar.gr\/wp-content\/uploads\/2024\/05\/aptera-2.jpg","contentUrl":"https:\/\/101oscarcar.gr\/wp-content\/uploads\/2024\/05\/aptera-2.jpg"},{"@type":"BreadcrumbList","@id":"https:\/\/101oscarcar.gr\/places-to-visit\/aptera\/#breadcrumb","itemListElement":[{"@type":"ListItem","position":1,"name":"Orte zu besuchen","item":"https:\/\/101oscarcar.gr\/de\/orte-zu-besuchen\/"},{"@type":"ListItem","position":2,"name":"Aptera"}]},{"@type":"WebSite","@id":"https:\/\/101oscarcar.gr\/#website","url":"https:\/\/101oscarcar.gr\/","name":"101 Oscar Car - Cheap car rentals in Crete: Chania - Rethymno - Heraklion","description":"Rent a car all over Crete","potentialAction":[{"@type":"SearchAction","target":{"@type":"EntryPoint","urlTemplate":"https:\/\/101oscarcar.gr\/?s={search_term_string}"},"query-input":{"@type":"PropertyValueSpecification","valueRequired":true,"valueName":"search_term_string"}}],"inLanguage":"de"}]}},"_links":{"self":[{"href":"https:\/\/101oscarcar.gr\/de\/wp-json\/wp\/v2\/pages\/2710","targetHints":{"allow":["GET"]}}],"collection":[{"href":"https:\/\/101oscarcar.gr\/de\/wp-json\/wp\/v2\/pages"}],"about":[{"href":"https:\/\/101oscarcar.gr\/de\/wp-json\/wp\/v2\/types\/page"}],"author":[{"embeddable":true,"href":"https:\/\/101oscarcar.gr\/de\/wp-json\/wp\/v2\/users\/1"}],"replies":[{"embeddable":true,"href":"https:\/\/101oscarcar.gr\/de\/wp-json\/wp\/v2\/comments?post=2710"}],"version-history":[{"count":0,"href":"https:\/\/101oscarcar.gr\/de\/wp-json\/wp\/v2\/pages\/2710\/revisions"}],"up":[{"embeddable":true,"href":"https:\/\/101oscarcar.gr\/de\/wp-json\/wp\/v2\/pages\/1446"}],"wp:attachment":[{"href":"https:\/\/101oscarcar.gr\/de\/wp-json\/wp\/v2\/media?parent=2710"}],"curies":[{"name":"wp","href":"https:\/\/api.w.org\/{rel}","templated":true}]}}