{"id":2730,"date":"2024-05-06T12:19:32","date_gmt":"2024-05-06T09:19:32","guid":{"rendered":"https:\/\/101oscarcar.gr\/?page_id=2730"},"modified":"2024-05-06T12:19:32","modified_gmt":"2024-05-06T09:19:32","slug":"hoehle-von-melidoni","status":"publish","type":"page","link":"https:\/\/101oscarcar.gr\/de\/orte-zu-besuchen\/hoehle-von-melidoni\/","title":{"rendered":"H\u00f6hle von Melidoni"},"content":{"rendered":"<h3>H\u00f6hle von Melidoni<\/h3>\n<div style=\"text-align:center;\"><div class=\"custom-frame-wrapper aligncenter frame-shadow\"><div class=\"custom-frame-inner-wrapper\"><div class=\"custom-frame-padding\">    <img decoding=\"async\" src=\"https:\/\/101oscarcar.gr\/wp-content\/uploads\/2024\/05\/spilaio-melidoniou-1.jpg\" alt=\"Melidoni Cave - Oscar Car Rent a car all over Crete\" \/><\/div><\/div><\/div><\/div>\n<p>Die H\u00f6hle von Melidoni liegt etwa 1800 Meter nordwestlich des Dorfes und ist von Interesse wegen der arch\u00e4ologischen Funde, von denen einige im Arch\u00e4ologischen Museum von Rethymno ausgestellt sind.<\/p>\n<p>Die Melidoni H\u00f6hle ist auch als &#8222;Gerontospilios&#8220; bekannt. Sie war eine der gr\u00f6\u00dften Kulth\u00f6hlen der minoischen Zeit, worin die Bronzestatue des Riesen Talos verehrt wurde.Der Mythologie zufolge hat er die Insel gesch\u00fctzt und f\u00fcr Frieden gesorgt.<\/p>\n<p>Die H\u00f6hle ist aus arch\u00e4ologischer und historischer Sicht von hohem Wert,  da sie ein Zufluchtsort f\u00fcr 370 Frauen, Kinder und 30 Krieger war die so dem t\u00fcrkischen Joch im Oktober 1823 entgehen konnten.<\/p>\n","protected":false},"excerpt":{"rendered":"<p>H\u00f6hle von Melidoni Die H\u00f6hle von Melidoni liegt etwa 1800 Meter nordwestlich des Dorfes und ist von Interesse wegen der arch\u00e4ologischen Funde, von denen einige im Arch\u00e4ologischen Museum von Rethymno ausgestellt sind. Die Melidoni H\u00f6hle ist auch als &#8222;Gerontospilios&#8220; bekannt. Sie war eine der gr\u00f6\u00dften Kulth\u00f6hlen der<\/p>\n","protected":false},"author":1,"featured_media":0,"parent":1446,"menu_order":0,"comment_status":"closed","ping_status":"closed","template":"page-PageTemplate2.php","meta":{"_acf_changed":false,"footnotes":""},"class_list":["post-2730","page","type-page","status-publish","hentry"],"acf":[],"yoast_head":"<!-- This site is optimized with the Yoast SEO plugin v24.2 - https:\/\/yoast.com\/wordpress\/plugins\/seo\/ -->\n<title>H\u00f6hle von Melidoni - 101 Oscar Car - Cheap car rentals in Crete: Chania - Rethymno - Heraklion<\/title>\n<meta name=\"robots\" content=\"index, follow, max-snippet:-1, max-image-preview:large, max-video-preview:-1\" \/>\n<link rel=\"canonical\" href=\"https:\/\/101oscarcar.gr\/places-to-visit\/melidoni-cave\/\" \/>\n<meta property=\"og:locale\" content=\"de_DE\" \/>\n<meta property=\"og:type\" content=\"article\" \/>\n<meta property=\"og:title\" content=\"H\u00f6hle von Melidoni - 101 Oscar Car - Cheap car rentals in Crete: Chania - Rethymno - Heraklion\" \/>\n<meta property=\"og:description\" content=\"H\u00f6hle von Melidoni Die H\u00f6hle von Melidoni liegt etwa 1800 Meter nordwestlich des Dorfes und ist von Interesse wegen der arch\u00e4ologischen Funde, von denen einige im Arch\u00e4ologischen Museum von Rethymno ausgestellt sind. Die Melidoni H\u00f6hle ist auch als &#8222;Gerontospilios&#8220; bekannt. Sie war eine der gr\u00f6\u00dften Kulth\u00f6hlen der\" \/>\n<meta property=\"og:url\" content=\"https:\/\/101oscarcar.gr\/places-to-visit\/melidoni-cave\/\" \/>\n<meta property=\"og:site_name\" content=\"101 Oscar Car - Cheap car rentals in Crete: Chania - Rethymno - Heraklion\" \/>\n<meta property=\"article:publisher\" content=\"https:\/\/www.facebook.com\/101-Oscar-Car-749281678420071\/\" \/>\n<meta property=\"og:image\" content=\"https:\/\/101oscarcar.gr\/wp-content\/uploads\/2024\/05\/spilaio-melidoniou-1.jpg\" \/>\n<meta name=\"twitter:label1\" content=\"Gesch\u00e4tzte Lesezeit\" \/>\n\t<meta name=\"twitter:data1\" content=\"1 Minute\" \/>\n<script type=\"application\/ld+json\" class=\"yoast-schema-graph\">{\"@context\":\"https:\/\/schema.org\",\"@graph\":[{\"@type\":\"WebPage\",\"@id\":\"https:\/\/101oscarcar.gr\/places-to-visit\/melidoni-cave\/\",\"url\":\"https:\/\/101oscarcar.gr\/places-to-visit\/melidoni-cave\/\",\"name\":\"H\u00f6hle von Melidoni - 101 Oscar Car - Cheap car rentals in Crete: Chania - Rethymno - Heraklion\",\"isPartOf\":{\"@id\":\"https:\/\/101oscarcar.gr\/#website\"},\"primaryImageOfPage\":{\"@id\":\"https:\/\/101oscarcar.gr\/places-to-visit\/melidoni-cave\/#primaryimage\"},\"image\":{\"@id\":\"https:\/\/101oscarcar.gr\/places-to-visit\/melidoni-cave\/#primaryimage\"},\"thumbnailUrl\":\"https:\/\/101oscarcar.gr\/wp-content\/uploads\/2024\/05\/spilaio-melidoniou-1.jpg\",\"datePublished\":\"2024-05-06T09:19:32+00:00\",\"dateModified\":\"2024-05-06T09:19:32+00:00\",\"breadcrumb\":{\"@id\":\"https:\/\/101oscarcar.gr\/places-to-visit\/melidoni-cave\/#breadcrumb\"},\"inLanguage\":\"de\",\"potentialAction\":[{\"@type\":\"ReadAction\",\"target\":[\"https:\/\/101oscarcar.gr\/places-to-visit\/melidoni-cave\/\"]}]},{\"@type\":\"ImageObject\",\"inLanguage\":\"de\",\"@id\":\"https:\/\/101oscarcar.gr\/places-to-visit\/melidoni-cave\/#primaryimage\",\"url\":\"https:\/\/101oscarcar.gr\/wp-content\/uploads\/2024\/05\/spilaio-melidoniou-1.jpg\",\"contentUrl\":\"https:\/\/101oscarcar.gr\/wp-content\/uploads\/2024\/05\/spilaio-melidoniou-1.jpg\"},{\"@type\":\"BreadcrumbList\",\"@id\":\"https:\/\/101oscarcar.gr\/places-to-visit\/melidoni-cave\/#breadcrumb\",\"itemListElement\":[{\"@type\":\"ListItem\",\"position\":1,\"name\":\"Orte zu besuchen\",\"item\":\"https:\/\/101oscarcar.gr\/de\/orte-zu-besuchen\/\"},{\"@type\":\"ListItem\",\"position\":2,\"name\":\"H\u00f6hle von Melidoni\"}]},{\"@type\":\"WebSite\",\"@id\":\"https:\/\/101oscarcar.gr\/#website\",\"url\":\"https:\/\/101oscarcar.gr\/\",\"name\":\"101 Oscar Car - Cheap car rentals in Crete: Chania - Rethymno - Heraklion\",\"description\":\"Rent a car all over Crete\",\"potentialAction\":[{\"@type\":\"SearchAction\",\"target\":{\"@type\":\"EntryPoint\",\"urlTemplate\":\"https:\/\/101oscarcar.gr\/?s={search_term_string}\"},\"query-input\":{\"@type\":\"PropertyValueSpecification\",\"valueRequired\":true,\"valueName\":\"search_term_string\"}}],\"inLanguage\":\"de\"}]}<\/script>\n<!-- \/ Yoast SEO plugin. -->","yoast_head_json":{"title":"H\u00f6hle von Melidoni - 101 Oscar Car - Cheap car rentals in Crete: Chania - Rethymno - Heraklion","robots":{"index":"index","follow":"follow","max-snippet":"max-snippet:-1","max-image-preview":"max-image-preview:large","max-video-preview":"max-video-preview:-1"},"canonical":"https:\/\/101oscarcar.gr\/places-to-visit\/melidoni-cave\/","og_locale":"de_DE","og_type":"article","og_title":"H\u00f6hle von Melidoni - 101 Oscar Car - Cheap car rentals in Crete: Chania - Rethymno - Heraklion","og_description":"H\u00f6hle von Melidoni Die H\u00f6hle von Melidoni liegt etwa 1800 Meter nordwestlich des Dorfes und ist von Interesse wegen der arch\u00e4ologischen Funde, von denen einige im Arch\u00e4ologischen Museum von Rethymno ausgestellt sind. Die Melidoni H\u00f6hle ist auch als &#8222;Gerontospilios&#8220; bekannt. Sie war eine der gr\u00f6\u00dften Kulth\u00f6hlen der","og_url":"https:\/\/101oscarcar.gr\/places-to-visit\/melidoni-cave\/","og_site_name":"101 Oscar Car - Cheap car rentals in Crete: Chania - Rethymno - Heraklion","article_publisher":"https:\/\/www.facebook.com\/101-Oscar-Car-749281678420071\/","og_image":[{"url":"https:\/\/101oscarcar.gr\/wp-content\/uploads\/2024\/05\/spilaio-melidoniou-1.jpg","type":"","width":"","height":""}],"twitter_misc":{"Gesch\u00e4tzte Lesezeit":"1 Minute"},"schema":{"@context":"https:\/\/schema.org","@graph":[{"@type":"WebPage","@id":"https:\/\/101oscarcar.gr\/places-to-visit\/melidoni-cave\/","url":"https:\/\/101oscarcar.gr\/places-to-visit\/melidoni-cave\/","name":"H\u00f6hle von Melidoni - 101 Oscar Car - Cheap car rentals in Crete: Chania - Rethymno - Heraklion","isPartOf":{"@id":"https:\/\/101oscarcar.gr\/#website"},"primaryImageOfPage":{"@id":"https:\/\/101oscarcar.gr\/places-to-visit\/melidoni-cave\/#primaryimage"},"image":{"@id":"https:\/\/101oscarcar.gr\/places-to-visit\/melidoni-cave\/#primaryimage"},"thumbnailUrl":"https:\/\/101oscarcar.gr\/wp-content\/uploads\/2024\/05\/spilaio-melidoniou-1.jpg","datePublished":"2024-05-06T09:19:32+00:00","dateModified":"2024-05-06T09:19:32+00:00","breadcrumb":{"@id":"https:\/\/101oscarcar.gr\/places-to-visit\/melidoni-cave\/#breadcrumb"},"inLanguage":"de","potentialAction":[{"@type":"ReadAction","target":["https:\/\/101oscarcar.gr\/places-to-visit\/melidoni-cave\/"]}]},{"@type":"ImageObject","inLanguage":"de","@id":"https:\/\/101oscarcar.gr\/places-to-visit\/melidoni-cave\/#primaryimage","url":"https:\/\/101oscarcar.gr\/wp-content\/uploads\/2024\/05\/spilaio-melidoniou-1.jpg","contentUrl":"https:\/\/101oscarcar.gr\/wp-content\/uploads\/2024\/05\/spilaio-melidoniou-1.jpg"},{"@type":"BreadcrumbList","@id":"https:\/\/101oscarcar.gr\/places-to-visit\/melidoni-cave\/#breadcrumb","itemListElement":[{"@type":"ListItem","position":1,"name":"Orte zu besuchen","item":"https:\/\/101oscarcar.gr\/de\/orte-zu-besuchen\/"},{"@type":"ListItem","position":2,"name":"H\u00f6hle von Melidoni"}]},{"@type":"WebSite","@id":"https:\/\/101oscarcar.gr\/#website","url":"https:\/\/101oscarcar.gr\/","name":"101 Oscar Car - Cheap car rentals in Crete: Chania - Rethymno - Heraklion","description":"Rent a car all over Crete","potentialAction":[{"@type":"SearchAction","target":{"@type":"EntryPoint","urlTemplate":"https:\/\/101oscarcar.gr\/?s={search_term_string}"},"query-input":{"@type":"PropertyValueSpecification","valueRequired":true,"valueName":"search_term_string"}}],"inLanguage":"de"}]}},"_links":{"self":[{"href":"https:\/\/101oscarcar.gr\/de\/wp-json\/wp\/v2\/pages\/2730","targetHints":{"allow":["GET"]}}],"collection":[{"href":"https:\/\/101oscarcar.gr\/de\/wp-json\/wp\/v2\/pages"}],"about":[{"href":"https:\/\/101oscarcar.gr\/de\/wp-json\/wp\/v2\/types\/page"}],"author":[{"embeddable":true,"href":"https:\/\/101oscarcar.gr\/de\/wp-json\/wp\/v2\/users\/1"}],"replies":[{"embeddable":true,"href":"https:\/\/101oscarcar.gr\/de\/wp-json\/wp\/v2\/comments?post=2730"}],"version-history":[{"count":0,"href":"https:\/\/101oscarcar.gr\/de\/wp-json\/wp\/v2\/pages\/2730\/revisions"}],"up":[{"embeddable":true,"href":"https:\/\/101oscarcar.gr\/de\/wp-json\/wp\/v2\/pages\/1446"}],"wp:attachment":[{"href":"https:\/\/101oscarcar.gr\/de\/wp-json\/wp\/v2\/media?parent=2730"}],"curies":[{"name":"wp","href":"https:\/\/api.w.org\/{rel}","templated":true}]}}