{"id":2746,"date":"2024-05-06T13:59:55","date_gmt":"2024-05-06T10:59:55","guid":{"rendered":"https:\/\/101oscarcar.gr\/?page_id=2746"},"modified":"2024-05-06T13:59:55","modified_gmt":"2024-05-06T10:59:55","slug":"sfendoni-hoehle","status":"publish","type":"page","link":"https:\/\/101oscarcar.gr\/de\/orte-zu-besuchen\/sfendoni-hoehle\/","title":{"rendered":"Sfendoni-H\u00f6hle"},"content":{"rendered":"<h3>Sfendoni-H\u00f6hle<\/h3>\n<div style=\"text-align:center;\"><div class=\"custom-frame-wrapper aligncenter frame-shadow\"><div class=\"custom-frame-inner-wrapper\"><div class=\"custom-frame-padding\">    <img decoding=\"async\" src=\"https:\/\/101oscarcar.gr\/wp-content\/uploads\/2024\/05\/sfentoni.jpg\" alt=\"Sfentoni Cave - Oscar Car Rent a car all over Crete\" \/><\/div><\/div><\/div><\/div>\n<p>Die Sfendoni-H\u00f6hle am Fu\u00dfe des Psiloritis ist eine der gr\u00f6\u00dften nat\u00fcrlichen Architektursch\u00f6pfungen in Griechenland. In ihrem Inneren finden Sie Stalagmiten und Stalaktiten, die im Laufe der Jahre durch den Wasserfluss entstanden sind. Wenn Sie die H\u00f6hle besuchen, werden Sie die atemberaubende nat\u00fcrliche Sch\u00f6nheit Kretas entdecken. Sie ist vom Dorf Zoniana aus leicht zu erreichen.<\/p>\n","protected":false},"excerpt":{"rendered":"<p>Sfendoni-H\u00f6hle Die Sfendoni-H\u00f6hle am Fu\u00dfe des Psiloritis ist eine der gr\u00f6\u00dften nat\u00fcrlichen Architektursch\u00f6pfungen in Griechenland. In ihrem Inneren finden Sie Stalagmiten und Stalaktiten, die im Laufe der Jahre durch den Wasserfluss entstanden sind. Wenn Sie die H\u00f6hle besuchen, werden Sie die atemberaubende nat\u00fcrliche Sch\u00f6nheit Kretas entdecken. Sie<\/p>\n","protected":false},"author":1,"featured_media":0,"parent":1446,"menu_order":0,"comment_status":"closed","ping_status":"closed","template":"page-PageTemplate2.php","meta":{"_acf_changed":false,"footnotes":""},"class_list":["post-2746","page","type-page","status-publish","hentry"],"acf":[],"yoast_head":"<!-- This site is optimized with the Yoast SEO plugin v24.2 - https:\/\/yoast.com\/wordpress\/plugins\/seo\/ -->\n<title>Sfendoni-H\u00f6hle - 101 Oscar Car - Cheap car rentals in Crete: Chania - Rethymno - Heraklion<\/title>\n<meta name=\"robots\" content=\"index, follow, max-snippet:-1, max-image-preview:large, max-video-preview:-1\" \/>\n<link rel=\"canonical\" href=\"https:\/\/101oscarcar.gr\/places-to-visit\/sfentoni-cave\/\" \/>\n<meta property=\"og:locale\" content=\"de_DE\" \/>\n<meta property=\"og:type\" content=\"article\" \/>\n<meta property=\"og:title\" content=\"Sfendoni-H\u00f6hle - 101 Oscar Car - Cheap car rentals in Crete: Chania - Rethymno - Heraklion\" \/>\n<meta property=\"og:description\" content=\"Sfendoni-H\u00f6hle Die Sfendoni-H\u00f6hle am Fu\u00dfe des Psiloritis ist eine der gr\u00f6\u00dften nat\u00fcrlichen Architektursch\u00f6pfungen in Griechenland. In ihrem Inneren finden Sie Stalagmiten und Stalaktiten, die im Laufe der Jahre durch den Wasserfluss entstanden sind. Wenn Sie die H\u00f6hle besuchen, werden Sie die atemberaubende nat\u00fcrliche Sch\u00f6nheit Kretas entdecken. Sie\" \/>\n<meta property=\"og:url\" content=\"https:\/\/101oscarcar.gr\/places-to-visit\/sfentoni-cave\/\" \/>\n<meta property=\"og:site_name\" content=\"101 Oscar Car - Cheap car rentals in Crete: Chania - Rethymno - Heraklion\" \/>\n<meta property=\"article:publisher\" content=\"https:\/\/www.facebook.com\/101-Oscar-Car-749281678420071\/\" \/>\n<meta property=\"og:image\" content=\"https:\/\/101oscarcar.gr\/wp-content\/uploads\/2024\/05\/sfentoni.jpg\" \/>\n<script type=\"application\/ld+json\" class=\"yoast-schema-graph\">{\"@context\":\"https:\/\/schema.org\",\"@graph\":[{\"@type\":\"WebPage\",\"@id\":\"https:\/\/101oscarcar.gr\/places-to-visit\/sfentoni-cave\/\",\"url\":\"https:\/\/101oscarcar.gr\/places-to-visit\/sfentoni-cave\/\",\"name\":\"Sfendoni-H\u00f6hle - 101 Oscar Car - Cheap car rentals in Crete: Chania - Rethymno - Heraklion\",\"isPartOf\":{\"@id\":\"https:\/\/101oscarcar.gr\/#website\"},\"primaryImageOfPage\":{\"@id\":\"https:\/\/101oscarcar.gr\/places-to-visit\/sfentoni-cave\/#primaryimage\"},\"image\":{\"@id\":\"https:\/\/101oscarcar.gr\/places-to-visit\/sfentoni-cave\/#primaryimage\"},\"thumbnailUrl\":\"https:\/\/101oscarcar.gr\/wp-content\/uploads\/2024\/05\/sfentoni.jpg\",\"datePublished\":\"2024-05-06T10:59:55+00:00\",\"dateModified\":\"2024-05-06T10:59:55+00:00\",\"breadcrumb\":{\"@id\":\"https:\/\/101oscarcar.gr\/places-to-visit\/sfentoni-cave\/#breadcrumb\"},\"inLanguage\":\"de\",\"potentialAction\":[{\"@type\":\"ReadAction\",\"target\":[\"https:\/\/101oscarcar.gr\/places-to-visit\/sfentoni-cave\/\"]}]},{\"@type\":\"ImageObject\",\"inLanguage\":\"de\",\"@id\":\"https:\/\/101oscarcar.gr\/places-to-visit\/sfentoni-cave\/#primaryimage\",\"url\":\"https:\/\/101oscarcar.gr\/wp-content\/uploads\/2024\/05\/sfentoni.jpg\",\"contentUrl\":\"https:\/\/101oscarcar.gr\/wp-content\/uploads\/2024\/05\/sfentoni.jpg\"},{\"@type\":\"BreadcrumbList\",\"@id\":\"https:\/\/101oscarcar.gr\/places-to-visit\/sfentoni-cave\/#breadcrumb\",\"itemListElement\":[{\"@type\":\"ListItem\",\"position\":1,\"name\":\"Orte zu besuchen\",\"item\":\"https:\/\/101oscarcar.gr\/de\/orte-zu-besuchen\/\"},{\"@type\":\"ListItem\",\"position\":2,\"name\":\"Sfendoni-H\u00f6hle\"}]},{\"@type\":\"WebSite\",\"@id\":\"https:\/\/101oscarcar.gr\/#website\",\"url\":\"https:\/\/101oscarcar.gr\/\",\"name\":\"101 Oscar Car - Cheap car rentals in Crete: Chania - Rethymno - Heraklion\",\"description\":\"Rent a car all over Crete\",\"potentialAction\":[{\"@type\":\"SearchAction\",\"target\":{\"@type\":\"EntryPoint\",\"urlTemplate\":\"https:\/\/101oscarcar.gr\/?s={search_term_string}\"},\"query-input\":{\"@type\":\"PropertyValueSpecification\",\"valueRequired\":true,\"valueName\":\"search_term_string\"}}],\"inLanguage\":\"de\"}]}<\/script>\n<!-- \/ Yoast SEO plugin. -->","yoast_head_json":{"title":"Sfendoni-H\u00f6hle - 101 Oscar Car - Cheap car rentals in Crete: Chania - Rethymno - Heraklion","robots":{"index":"index","follow":"follow","max-snippet":"max-snippet:-1","max-image-preview":"max-image-preview:large","max-video-preview":"max-video-preview:-1"},"canonical":"https:\/\/101oscarcar.gr\/places-to-visit\/sfentoni-cave\/","og_locale":"de_DE","og_type":"article","og_title":"Sfendoni-H\u00f6hle - 101 Oscar Car - Cheap car rentals in Crete: Chania - Rethymno - Heraklion","og_description":"Sfendoni-H\u00f6hle Die Sfendoni-H\u00f6hle am Fu\u00dfe des Psiloritis ist eine der gr\u00f6\u00dften nat\u00fcrlichen Architektursch\u00f6pfungen in Griechenland. In ihrem Inneren finden Sie Stalagmiten und Stalaktiten, die im Laufe der Jahre durch den Wasserfluss entstanden sind. Wenn Sie die H\u00f6hle besuchen, werden Sie die atemberaubende nat\u00fcrliche Sch\u00f6nheit Kretas entdecken. Sie","og_url":"https:\/\/101oscarcar.gr\/places-to-visit\/sfentoni-cave\/","og_site_name":"101 Oscar Car - Cheap car rentals in Crete: Chania - Rethymno - Heraklion","article_publisher":"https:\/\/www.facebook.com\/101-Oscar-Car-749281678420071\/","og_image":[{"url":"https:\/\/101oscarcar.gr\/wp-content\/uploads\/2024\/05\/sfentoni.jpg","type":"","width":"","height":""}],"schema":{"@context":"https:\/\/schema.org","@graph":[{"@type":"WebPage","@id":"https:\/\/101oscarcar.gr\/places-to-visit\/sfentoni-cave\/","url":"https:\/\/101oscarcar.gr\/places-to-visit\/sfentoni-cave\/","name":"Sfendoni-H\u00f6hle - 101 Oscar Car - Cheap car rentals in Crete: Chania - Rethymno - Heraklion","isPartOf":{"@id":"https:\/\/101oscarcar.gr\/#website"},"primaryImageOfPage":{"@id":"https:\/\/101oscarcar.gr\/places-to-visit\/sfentoni-cave\/#primaryimage"},"image":{"@id":"https:\/\/101oscarcar.gr\/places-to-visit\/sfentoni-cave\/#primaryimage"},"thumbnailUrl":"https:\/\/101oscarcar.gr\/wp-content\/uploads\/2024\/05\/sfentoni.jpg","datePublished":"2024-05-06T10:59:55+00:00","dateModified":"2024-05-06T10:59:55+00:00","breadcrumb":{"@id":"https:\/\/101oscarcar.gr\/places-to-visit\/sfentoni-cave\/#breadcrumb"},"inLanguage":"de","potentialAction":[{"@type":"ReadAction","target":["https:\/\/101oscarcar.gr\/places-to-visit\/sfentoni-cave\/"]}]},{"@type":"ImageObject","inLanguage":"de","@id":"https:\/\/101oscarcar.gr\/places-to-visit\/sfentoni-cave\/#primaryimage","url":"https:\/\/101oscarcar.gr\/wp-content\/uploads\/2024\/05\/sfentoni.jpg","contentUrl":"https:\/\/101oscarcar.gr\/wp-content\/uploads\/2024\/05\/sfentoni.jpg"},{"@type":"BreadcrumbList","@id":"https:\/\/101oscarcar.gr\/places-to-visit\/sfentoni-cave\/#breadcrumb","itemListElement":[{"@type":"ListItem","position":1,"name":"Orte zu besuchen","item":"https:\/\/101oscarcar.gr\/de\/orte-zu-besuchen\/"},{"@type":"ListItem","position":2,"name":"Sfendoni-H\u00f6hle"}]},{"@type":"WebSite","@id":"https:\/\/101oscarcar.gr\/#website","url":"https:\/\/101oscarcar.gr\/","name":"101 Oscar Car - Cheap car rentals in Crete: Chania - Rethymno - Heraklion","description":"Rent a car all over Crete","potentialAction":[{"@type":"SearchAction","target":{"@type":"EntryPoint","urlTemplate":"https:\/\/101oscarcar.gr\/?s={search_term_string}"},"query-input":{"@type":"PropertyValueSpecification","valueRequired":true,"valueName":"search_term_string"}}],"inLanguage":"de"}]}},"_links":{"self":[{"href":"https:\/\/101oscarcar.gr\/de\/wp-json\/wp\/v2\/pages\/2746","targetHints":{"allow":["GET"]}}],"collection":[{"href":"https:\/\/101oscarcar.gr\/de\/wp-json\/wp\/v2\/pages"}],"about":[{"href":"https:\/\/101oscarcar.gr\/de\/wp-json\/wp\/v2\/types\/page"}],"author":[{"embeddable":true,"href":"https:\/\/101oscarcar.gr\/de\/wp-json\/wp\/v2\/users\/1"}],"replies":[{"embeddable":true,"href":"https:\/\/101oscarcar.gr\/de\/wp-json\/wp\/v2\/comments?post=2746"}],"version-history":[{"count":0,"href":"https:\/\/101oscarcar.gr\/de\/wp-json\/wp\/v2\/pages\/2746\/revisions"}],"up":[{"embeddable":true,"href":"https:\/\/101oscarcar.gr\/de\/wp-json\/wp\/v2\/pages\/1446"}],"wp:attachment":[{"href":"https:\/\/101oscarcar.gr\/de\/wp-json\/wp\/v2\/media?parent=2746"}],"curies":[{"name":"wp","href":"https:\/\/api.w.org\/{rel}","templated":true}]}}