{"id":2811,"date":"2024-05-06T19:11:09","date_gmt":"2024-05-06T16:11:09","guid":{"rendered":"https:\/\/101oscarcar.gr\/?page_id=2811"},"modified":"2024-05-06T19:12:28","modified_gmt":"2024-05-06T16:12:28","slug":"kirche-des-erzengels-michael","status":"publish","type":"page","link":"https:\/\/101oscarcar.gr\/de\/orte-zu-besuchen\/kirche-des-erzengels-michael\/","title":{"rendered":"Kirche des Erzengels Michael"},"content":{"rendered":"<h3>Kirche des Erzengels Michael<\/h3>\n<div style=\"text-align:center;\"><div class=\"custom-frame-wrapper aligncenter frame-shadow\"><div class=\"custom-frame-inner-wrapper\"><div class=\"custom-frame-padding\">    <img decoding=\"async\" src=\"https:\/\/101oscarcar.gr\/wp-content\/uploads\/2024\/05\/church-of-micheal.jpg\" alt=\"Church of Michael the Archangel - Oscar Car Rent a car all over Crete\" \/><\/div><\/div><\/div><\/div>\n<p>Die Heilige Kirche des Erzengels Michael, auch Rotonda genannt, ist eine byzantinische Kirche im Episkopi von Kissamos. Die Kirche des Erzengels Michael (Rotonda) in der Siedlung Kato Episkopi Kissamos geh\u00f6rt zu den bedeutendsten fr\u00fchchristlichen Denkm\u00e4lern Kretas und stammt aus der zweiten H\u00e4lfte des 6. Jahrhunderts. Sie verf\u00fcgt \u00fcber Freskendekorationen und einen Mosaikboden.<\/p>\n","protected":false},"excerpt":{"rendered":"<p>Kirche des Erzengels Michael Die Heilige Kirche des Erzengels Michael, auch Rotonda genannt, ist eine byzantinische Kirche im Episkopi von Kissamos. Die Kirche des Erzengels Michael (Rotonda) in der Siedlung Kato Episkopi Kissamos geh\u00f6rt zu den bedeutendsten fr\u00fchchristlichen Denkm\u00e4lern Kretas und stammt aus der zweiten H\u00e4lfte des<\/p>\n","protected":false},"author":1,"featured_media":0,"parent":1446,"menu_order":0,"comment_status":"closed","ping_status":"closed","template":"page-PageTemplate2.php","meta":{"_acf_changed":false,"footnotes":""},"class_list":["post-2811","page","type-page","status-publish","hentry"],"acf":[],"yoast_head":"<!-- This site is optimized with the Yoast SEO plugin v24.2 - https:\/\/yoast.com\/wordpress\/plugins\/seo\/ -->\n<title>Kirche des Erzengels Michael - 101 Oscar Car - Cheap car rentals in Crete: Chania - Rethymno - Heraklion<\/title>\n<meta name=\"robots\" content=\"index, follow, max-snippet:-1, max-image-preview:large, max-video-preview:-1\" \/>\n<link rel=\"canonical\" href=\"https:\/\/101oscarcar.gr\/places-to-visit\/church-of-michael-the-archangel\/\" \/>\n<meta property=\"og:locale\" content=\"de_DE\" \/>\n<meta property=\"og:type\" content=\"article\" \/>\n<meta property=\"og:title\" content=\"Kirche des Erzengels Michael - 101 Oscar Car - Cheap car rentals in Crete: Chania - Rethymno - Heraklion\" \/>\n<meta property=\"og:description\" content=\"Kirche des Erzengels Michael Die Heilige Kirche des Erzengels Michael, auch Rotonda genannt, ist eine byzantinische Kirche im Episkopi von Kissamos. Die Kirche des Erzengels Michael (Rotonda) in der Siedlung Kato Episkopi Kissamos geh\u00f6rt zu den bedeutendsten fr\u00fchchristlichen Denkm\u00e4lern Kretas und stammt aus der zweiten H\u00e4lfte des\" \/>\n<meta property=\"og:url\" content=\"https:\/\/101oscarcar.gr\/places-to-visit\/church-of-michael-the-archangel\/\" \/>\n<meta property=\"og:site_name\" content=\"101 Oscar Car - Cheap car rentals in Crete: Chania - Rethymno - Heraklion\" \/>\n<meta property=\"article:publisher\" content=\"https:\/\/www.facebook.com\/101-Oscar-Car-749281678420071\/\" \/>\n<meta property=\"article:modified_time\" content=\"2024-05-06T16:12:28+00:00\" \/>\n<meta property=\"og:image\" content=\"https:\/\/101oscarcar.gr\/wp-content\/uploads\/2024\/05\/church-of-micheal.jpg\" \/>\n<script type=\"application\/ld+json\" class=\"yoast-schema-graph\">{\"@context\":\"https:\/\/schema.org\",\"@graph\":[{\"@type\":\"WebPage\",\"@id\":\"https:\/\/101oscarcar.gr\/places-to-visit\/church-of-michael-the-archangel\/\",\"url\":\"https:\/\/101oscarcar.gr\/places-to-visit\/church-of-michael-the-archangel\/\",\"name\":\"Kirche des Erzengels Michael - 101 Oscar Car - Cheap car rentals in Crete: Chania - Rethymno - Heraklion\",\"isPartOf\":{\"@id\":\"https:\/\/101oscarcar.gr\/#website\"},\"primaryImageOfPage\":{\"@id\":\"https:\/\/101oscarcar.gr\/places-to-visit\/church-of-michael-the-archangel\/#primaryimage\"},\"image\":{\"@id\":\"https:\/\/101oscarcar.gr\/places-to-visit\/church-of-michael-the-archangel\/#primaryimage\"},\"thumbnailUrl\":\"https:\/\/101oscarcar.gr\/wp-content\/uploads\/2024\/05\/church-of-micheal.jpg\",\"datePublished\":\"2024-05-06T16:11:09+00:00\",\"dateModified\":\"2024-05-06T16:12:28+00:00\",\"breadcrumb\":{\"@id\":\"https:\/\/101oscarcar.gr\/places-to-visit\/church-of-michael-the-archangel\/#breadcrumb\"},\"inLanguage\":\"de\",\"potentialAction\":[{\"@type\":\"ReadAction\",\"target\":[\"https:\/\/101oscarcar.gr\/places-to-visit\/church-of-michael-the-archangel\/\"]}]},{\"@type\":\"ImageObject\",\"inLanguage\":\"de\",\"@id\":\"https:\/\/101oscarcar.gr\/places-to-visit\/church-of-michael-the-archangel\/#primaryimage\",\"url\":\"https:\/\/101oscarcar.gr\/wp-content\/uploads\/2024\/05\/church-of-micheal.jpg\",\"contentUrl\":\"https:\/\/101oscarcar.gr\/wp-content\/uploads\/2024\/05\/church-of-micheal.jpg\"},{\"@type\":\"BreadcrumbList\",\"@id\":\"https:\/\/101oscarcar.gr\/places-to-visit\/church-of-michael-the-archangel\/#breadcrumb\",\"itemListElement\":[{\"@type\":\"ListItem\",\"position\":1,\"name\":\"Orte zu besuchen\",\"item\":\"https:\/\/101oscarcar.gr\/de\/orte-zu-besuchen\/\"},{\"@type\":\"ListItem\",\"position\":2,\"name\":\"Kirche des Erzengels Michael\"}]},{\"@type\":\"WebSite\",\"@id\":\"https:\/\/101oscarcar.gr\/#website\",\"url\":\"https:\/\/101oscarcar.gr\/\",\"name\":\"101 Oscar Car - Cheap car rentals in Crete: Chania - Rethymno - Heraklion\",\"description\":\"Rent a car all over Crete\",\"potentialAction\":[{\"@type\":\"SearchAction\",\"target\":{\"@type\":\"EntryPoint\",\"urlTemplate\":\"https:\/\/101oscarcar.gr\/?s={search_term_string}\"},\"query-input\":{\"@type\":\"PropertyValueSpecification\",\"valueRequired\":true,\"valueName\":\"search_term_string\"}}],\"inLanguage\":\"de\"}]}<\/script>\n<!-- \/ Yoast SEO plugin. -->","yoast_head_json":{"title":"Kirche des Erzengels Michael - 101 Oscar Car - Cheap car rentals in Crete: Chania - Rethymno - Heraklion","robots":{"index":"index","follow":"follow","max-snippet":"max-snippet:-1","max-image-preview":"max-image-preview:large","max-video-preview":"max-video-preview:-1"},"canonical":"https:\/\/101oscarcar.gr\/places-to-visit\/church-of-michael-the-archangel\/","og_locale":"de_DE","og_type":"article","og_title":"Kirche des Erzengels Michael - 101 Oscar Car - Cheap car rentals in Crete: Chania - Rethymno - Heraklion","og_description":"Kirche des Erzengels Michael Die Heilige Kirche des Erzengels Michael, auch Rotonda genannt, ist eine byzantinische Kirche im Episkopi von Kissamos. Die Kirche des Erzengels Michael (Rotonda) in der Siedlung Kato Episkopi Kissamos geh\u00f6rt zu den bedeutendsten fr\u00fchchristlichen Denkm\u00e4lern Kretas und stammt aus der zweiten H\u00e4lfte des","og_url":"https:\/\/101oscarcar.gr\/places-to-visit\/church-of-michael-the-archangel\/","og_site_name":"101 Oscar Car - Cheap car rentals in Crete: Chania - Rethymno - Heraklion","article_publisher":"https:\/\/www.facebook.com\/101-Oscar-Car-749281678420071\/","article_modified_time":"2024-05-06T16:12:28+00:00","og_image":[{"url":"https:\/\/101oscarcar.gr\/wp-content\/uploads\/2024\/05\/church-of-micheal.jpg","type":"","width":"","height":""}],"schema":{"@context":"https:\/\/schema.org","@graph":[{"@type":"WebPage","@id":"https:\/\/101oscarcar.gr\/places-to-visit\/church-of-michael-the-archangel\/","url":"https:\/\/101oscarcar.gr\/places-to-visit\/church-of-michael-the-archangel\/","name":"Kirche des Erzengels Michael - 101 Oscar Car - Cheap car rentals in Crete: Chania - Rethymno - Heraklion","isPartOf":{"@id":"https:\/\/101oscarcar.gr\/#website"},"primaryImageOfPage":{"@id":"https:\/\/101oscarcar.gr\/places-to-visit\/church-of-michael-the-archangel\/#primaryimage"},"image":{"@id":"https:\/\/101oscarcar.gr\/places-to-visit\/church-of-michael-the-archangel\/#primaryimage"},"thumbnailUrl":"https:\/\/101oscarcar.gr\/wp-content\/uploads\/2024\/05\/church-of-micheal.jpg","datePublished":"2024-05-06T16:11:09+00:00","dateModified":"2024-05-06T16:12:28+00:00","breadcrumb":{"@id":"https:\/\/101oscarcar.gr\/places-to-visit\/church-of-michael-the-archangel\/#breadcrumb"},"inLanguage":"de","potentialAction":[{"@type":"ReadAction","target":["https:\/\/101oscarcar.gr\/places-to-visit\/church-of-michael-the-archangel\/"]}]},{"@type":"ImageObject","inLanguage":"de","@id":"https:\/\/101oscarcar.gr\/places-to-visit\/church-of-michael-the-archangel\/#primaryimage","url":"https:\/\/101oscarcar.gr\/wp-content\/uploads\/2024\/05\/church-of-micheal.jpg","contentUrl":"https:\/\/101oscarcar.gr\/wp-content\/uploads\/2024\/05\/church-of-micheal.jpg"},{"@type":"BreadcrumbList","@id":"https:\/\/101oscarcar.gr\/places-to-visit\/church-of-michael-the-archangel\/#breadcrumb","itemListElement":[{"@type":"ListItem","position":1,"name":"Orte zu besuchen","item":"https:\/\/101oscarcar.gr\/de\/orte-zu-besuchen\/"},{"@type":"ListItem","position":2,"name":"Kirche des Erzengels Michael"}]},{"@type":"WebSite","@id":"https:\/\/101oscarcar.gr\/#website","url":"https:\/\/101oscarcar.gr\/","name":"101 Oscar Car - Cheap car rentals in Crete: Chania - Rethymno - Heraklion","description":"Rent a car all over Crete","potentialAction":[{"@type":"SearchAction","target":{"@type":"EntryPoint","urlTemplate":"https:\/\/101oscarcar.gr\/?s={search_term_string}"},"query-input":{"@type":"PropertyValueSpecification","valueRequired":true,"valueName":"search_term_string"}}],"inLanguage":"de"}]}},"_links":{"self":[{"href":"https:\/\/101oscarcar.gr\/de\/wp-json\/wp\/v2\/pages\/2811","targetHints":{"allow":["GET"]}}],"collection":[{"href":"https:\/\/101oscarcar.gr\/de\/wp-json\/wp\/v2\/pages"}],"about":[{"href":"https:\/\/101oscarcar.gr\/de\/wp-json\/wp\/v2\/types\/page"}],"author":[{"embeddable":true,"href":"https:\/\/101oscarcar.gr\/de\/wp-json\/wp\/v2\/users\/1"}],"replies":[{"embeddable":true,"href":"https:\/\/101oscarcar.gr\/de\/wp-json\/wp\/v2\/comments?post=2811"}],"version-history":[{"count":0,"href":"https:\/\/101oscarcar.gr\/de\/wp-json\/wp\/v2\/pages\/2811\/revisions"}],"up":[{"embeddable":true,"href":"https:\/\/101oscarcar.gr\/de\/wp-json\/wp\/v2\/pages\/1446"}],"wp:attachment":[{"href":"https:\/\/101oscarcar.gr\/de\/wp-json\/wp\/v2\/media?parent=2811"}],"curies":[{"name":"wp","href":"https:\/\/api.w.org\/{rel}","templated":true}]}}