{"id":1229,"date":"2013-10-07T22:42:24","date_gmt":"2013-10-07T19:42:24","guid":{"rendered":"http:\/\/101oscarcar.gr\/?page_id=1229"},"modified":"2026-02-03T20:28:23","modified_gmt":"2026-02-03T18:28:23","slug":"termes-et-conditions","status":"publish","type":"page","link":"https:\/\/101oscarcar.gr\/fr\/termes-et-conditions\/","title":{"rendered":"Termes et Conditions"},"content":{"rendered":"<p><strong>Oscar Car<\/strong> vous accueille au service de location de voiture en Cr\u00e8te \u00e0 Chania, Rethymnon et H\u00e9raklion.<\/p>\n<p><strong>Oscar Auto Rentals<\/strong> peut \u00eatre l\u2019une des meilleures options de voyage de qualit\u00e9 et de location de voiture \u00e9conomique au cours de votre voyage en Cr\u00e8te.<\/p>\n<p>Louez et conduissez une voiture <strong>Oscar<\/strong> pendant vos vacances en Cr\u00e8te. Nous vous offrons les mod\u00e8les les plus r\u00e9centes. Nous avons un grand nombre de voitures, divis\u00e9e en cat\u00e9gories.<\/p>\n<p><strong>Location de voiture : R\u00e9thymnon-Chania-H\u00e9raklion<\/strong><\/p>\n<p>Location de voiture en Cr\u00e8te : ce que vous devez savoir avant de louer une voiture en Cr\u00e8te.<\/p>\n<p>N\u2019importe quelle voiture vous choisissez, \u00e0 tout prix, v\u00e9rifiez les conditions de location, vous pouvez vous informer aux termes et conditions de la location, constater qui peut louer de voiture, si vous avez l\u2019\u00e2ge requis si votre permis de conduire est toujours valable, ce que l\u2019assurance couvre ainsi que les obligations de l\u2019Agence de location.<\/p>\n<p>&nbsp;<\/p>\n\n        <div class=\"container\">\n            <div><strong>Conditions pour le contrat<\/strong><\/div>\n    \n            <div><strong>1.<\/strong> L\u2019\u00e2ge minimum du conducteur est <strong>23 ans<\/strong>. Pour les jeeps et les mini bus\n            l\u2019\u00e2ge est <strong>25 ans<\/strong>.<\/div>\n            \n            <div><strong>2.<\/strong> Le permis de conduire doit \u00eatre livr\u00e9 24 mois avant la location.<\/div>\n            \n            <div><strong>3.<\/strong> La dur\u00e9e de location est au moins 1 jour, sans limite de kilom\u00e8tres.<\/div>\n            \n            <div><strong>4.<\/strong> L\u2019assurance\n            <ul>\n               <li><strong>FCI - Fully Comprehensive Insurance<\/strong>. Assurance tous risques compl\u00e8te : couvrant tous les dommages mat\u00e9riels caus\u00e9s \u00e0 la voiture lou\u00e9e par les conducteurs autoris\u00e9s pendant la p\u00e9riode de location. <\/li>\n                <li><strong>PAI - Personal Accident Insurance<\/strong>. Assurance accidents personnels : couvrant les l\u00e9sions corporelles des passagers et des conducteurs autoris\u00e9s. <\/li>\n                <li><strong>TPI - Third Party Insurance<\/strong>. Assurance responsabilit\u00e9 civile : couvrant les blessures corporelles et les dommages mat\u00e9riels caus\u00e9s \u00e0 des tiers. <\/li>\n                <li><strong>TLW - Theft Liability Waiver and Fire Insurance<\/strong>. Exon\u00e9ration de responsabilit\u00e9 en cas de vol et assurance incendie : sans frais suppl\u00e9mentaires. <\/li>\n                <li><strong>TWU - Tires, Wheels and Underbody Insurance<\/strong>. Assurance pneus, roues et bas de caisse : couvre les dommages aux pneus, aux roues et au bas de caisse de la voiture lou\u00e9e lors des d\u00e9placements sur les routes publiques. <\/li>\n                <li><strong>Assurance contre le bris de vitres et r\u00e9troviseurs<\/strong> : sans frais suppl\u00e9mentaire<\/li>\n            <ul>    \n            <\/div>\n            \n            <div><strong>5.<\/strong> La hauteur d\u2019indemnisations est d\u00e9finie par le contrat d\u2019assurance de la voiture.<\/div>\n            \n            <div><strong>6.<\/strong> Au cas d\u2019accident o\u00f9 le conducteur est en \u00e9tat d\u2019ivresse ou sous l\u2019effet de drogue aucun type d\u2019assurance n\u2019est valable et la responsabilit\u00e9 retombe exclusivement au conducteur. La m\u00eame chose est valable au cas o\u00f9 le nom de la personne qui conduit n\u2019est pas r\u00e9f\u00e9r\u00e9e au contrat.<\/div>\n            \n            <div><strong>7.<\/strong> L\u2019assurance pneus, roues et bas de caisse, TWU (Tires, Wheels and Underbody Insurance), ne s\u2019applique pas si le v\u00e9hicule est utilis\u00e9 sur une route non-asphalt\u00e9e. <\/div>\n            <div><strong>8.<\/strong> Les carburants qui sont consomm\u00e9s pendant la p\u00e9riode de la location sont des fra\u00ees charg\u00e9s par le loueur.<\/div>\n            \n            <div><strong>9.<\/strong> Pour le transport de la voiture en b\u00e2teau vous devrez demander un accord \u00e9crit de l\u2019OSCAR car.<\/div>\n            \n            <div><strong>10.<\/strong> Toutes les amendes pour des contraventions du code la route pendant la location sont pay\u00e9es par le loueur.<\/div>\n            <div><strong>11.<\/strong> En cas de perte des cl\u00e9s du v\u00e9hicule, le locataire est tenu de payer le prix de leur remplacement ou de couvrir les frais qui peuvent survenir pour les trouver. <\/div>\n            <div><strong>12.<\/strong> 24 heures assistance routi\u00e8re.<\/div>\n            <div><strong>13.<\/strong> les prix finals contient T.V.A.<\/div>\n            \n            <div><strong>14.<\/strong> Conditions de paiement : Le paiement est fait avec la livraison de la voiture, soit en liquide, soit par carte de cr\u00e9dit (VISA, MASTER CARD) .<\/div>\n            \n            <div><strong>15.<\/strong> Remplacement de la voiture: Notre compagnie est oblig\u00e9e de remplacer la v\u00e9hicule au cas de panne m\u00e9canique ou \u00e0 n\u2019importe quel cas elle sera responsable pour le probl\u00e8me actuel.<\/div>\n            \n            <div><strong>16.<\/strong> OSCAR car offre gratuitement aux locateurs la carte de Cr\u00e8te mais aussi apr\u00e8s demande un si\u00e8ge pour le b\u00e9b\u00e9 et galerie de voiture.<\/div>\n        <\/div>\n    \n","protected":false},"excerpt":{"rendered":"<p>Oscar Car vous accueille au service de location de voiture en Cr\u00e8te \u00e0 Chania, Rethymnon et H\u00e9raklion. Oscar Auto Rentals peut \u00eatre l\u2019une des meilleures options de voyage de qualit\u00e9 et de location de voiture \u00e9conomique au cours de votre voyage en Cr\u00e8te. Louez et conduissez une<\/p>\n","protected":false},"author":1,"featured_media":0,"parent":0,"menu_order":0,"comment_status":"closed","ping_status":"closed","template":"","meta":{"_acf_changed":false,"footnotes":""},"class_list":["post-1229","page","type-page","status-publish","hentry"],"acf":[],"yoast_head":"<!-- This site is optimized with the Yoast SEO plugin v24.2 - https:\/\/yoast.com\/wordpress\/plugins\/seo\/ -->\n<title>Termes et Conditions - 101 Oscar Car - Cheap car rentals in Crete: Chania - Rethymno - Heraklion<\/title>\n<meta name=\"robots\" content=\"index, follow, max-snippet:-1, max-image-preview:large, max-video-preview:-1\" \/>\n<link rel=\"canonical\" href=\"https:\/\/101oscarcar.gr\/fr\/termes-et-conditions\/\" \/>\n<meta property=\"og:locale\" content=\"fr_FR\" \/>\n<meta property=\"og:type\" content=\"article\" \/>\n<meta property=\"og:title\" content=\"Termes et Conditions - 101 Oscar Car - Cheap car rentals in Crete: Chania - Rethymno - Heraklion\" \/>\n<meta property=\"og:description\" content=\"Oscar Car vous accueille au service de location de voiture en Cr\u00e8te \u00e0 Chania, Rethymnon et H\u00e9raklion. Oscar Auto Rentals peut \u00eatre l\u2019une des meilleures options de voyage de qualit\u00e9 et de location de voiture \u00e9conomique au cours de votre voyage en Cr\u00e8te. Louez et conduissez une\" \/>\n<meta property=\"og:url\" content=\"https:\/\/101oscarcar.gr\/fr\/termes-et-conditions\/\" \/>\n<meta property=\"og:site_name\" content=\"101 Oscar Car - Cheap car rentals in Crete: Chania - Rethymno - Heraklion\" \/>\n<meta property=\"article:publisher\" content=\"https:\/\/www.facebook.com\/101-Oscar-Car-749281678420071\/\" \/>\n<meta property=\"article:modified_time\" content=\"2026-02-03T18:28:23+00:00\" \/>\n<meta name=\"twitter:label1\" content=\"Dur\u00e9e de lecture estim\u00e9e\" \/>\n\t<meta name=\"twitter:data1\" content=\"1 minute\" \/>\n<script type=\"application\/ld+json\" class=\"yoast-schema-graph\">{\"@context\":\"https:\/\/schema.org\",\"@graph\":[{\"@type\":\"WebPage\",\"@id\":\"https:\/\/101oscarcar.gr\/fr\/termes-et-conditions\/\",\"url\":\"https:\/\/101oscarcar.gr\/fr\/termes-et-conditions\/\",\"name\":\"Termes et Conditions - 101 Oscar Car - Cheap car rentals in Crete: Chania - Rethymno - Heraklion\",\"isPartOf\":{\"@id\":\"https:\/\/101oscarcar.gr\/#website\"},\"datePublished\":\"2013-10-07T19:42:24+00:00\",\"dateModified\":\"2026-02-03T18:28:23+00:00\",\"inLanguage\":\"fr-FR\",\"potentialAction\":[{\"@type\":\"ReadAction\",\"target\":[\"https:\/\/101oscarcar.gr\/fr\/termes-et-conditions\/\"]}]},{\"@type\":\"WebSite\",\"@id\":\"https:\/\/101oscarcar.gr\/#website\",\"url\":\"https:\/\/101oscarcar.gr\/\",\"name\":\"101 Oscar Car - Cheap car rentals in Crete: Chania - Rethymno - Heraklion\",\"description\":\"Rent a car all over Crete\",\"potentialAction\":[{\"@type\":\"SearchAction\",\"target\":{\"@type\":\"EntryPoint\",\"urlTemplate\":\"https:\/\/101oscarcar.gr\/?s={search_term_string}\"},\"query-input\":{\"@type\":\"PropertyValueSpecification\",\"valueRequired\":true,\"valueName\":\"search_term_string\"}}],\"inLanguage\":\"fr-FR\"}]}<\/script>\n<!-- \/ Yoast SEO plugin. -->","yoast_head_json":{"title":"Termes et Conditions - 101 Oscar Car - Cheap car rentals in Crete: Chania - Rethymno - Heraklion","robots":{"index":"index","follow":"follow","max-snippet":"max-snippet:-1","max-image-preview":"max-image-preview:large","max-video-preview":"max-video-preview:-1"},"canonical":"https:\/\/101oscarcar.gr\/fr\/termes-et-conditions\/","og_locale":"fr_FR","og_type":"article","og_title":"Termes et Conditions - 101 Oscar Car - Cheap car rentals in Crete: Chania - Rethymno - Heraklion","og_description":"Oscar Car vous accueille au service de location de voiture en Cr\u00e8te \u00e0 Chania, Rethymnon et H\u00e9raklion. Oscar Auto Rentals peut \u00eatre l\u2019une des meilleures options de voyage de qualit\u00e9 et de location de voiture \u00e9conomique au cours de votre voyage en Cr\u00e8te. Louez et conduissez une","og_url":"https:\/\/101oscarcar.gr\/fr\/termes-et-conditions\/","og_site_name":"101 Oscar Car - Cheap car rentals in Crete: Chania - Rethymno - Heraklion","article_publisher":"https:\/\/www.facebook.com\/101-Oscar-Car-749281678420071\/","article_modified_time":"2026-02-03T18:28:23+00:00","twitter_misc":{"Dur\u00e9e de lecture estim\u00e9e":"1 minute"},"schema":{"@context":"https:\/\/schema.org","@graph":[{"@type":"WebPage","@id":"https:\/\/101oscarcar.gr\/fr\/termes-et-conditions\/","url":"https:\/\/101oscarcar.gr\/fr\/termes-et-conditions\/","name":"Termes et Conditions - 101 Oscar Car - Cheap car rentals in Crete: Chania - Rethymno - Heraklion","isPartOf":{"@id":"https:\/\/101oscarcar.gr\/#website"},"datePublished":"2013-10-07T19:42:24+00:00","dateModified":"2026-02-03T18:28:23+00:00","inLanguage":"fr-FR","potentialAction":[{"@type":"ReadAction","target":["https:\/\/101oscarcar.gr\/fr\/termes-et-conditions\/"]}]},{"@type":"WebSite","@id":"https:\/\/101oscarcar.gr\/#website","url":"https:\/\/101oscarcar.gr\/","name":"101 Oscar Car - Cheap car rentals in Crete: Chania - Rethymno - Heraklion","description":"Rent a car all over Crete","potentialAction":[{"@type":"SearchAction","target":{"@type":"EntryPoint","urlTemplate":"https:\/\/101oscarcar.gr\/?s={search_term_string}"},"query-input":{"@type":"PropertyValueSpecification","valueRequired":true,"valueName":"search_term_string"}}],"inLanguage":"fr-FR"}]}},"_links":{"self":[{"href":"https:\/\/101oscarcar.gr\/fr\/wp-json\/wp\/v2\/pages\/1229","targetHints":{"allow":["GET"]}}],"collection":[{"href":"https:\/\/101oscarcar.gr\/fr\/wp-json\/wp\/v2\/pages"}],"about":[{"href":"https:\/\/101oscarcar.gr\/fr\/wp-json\/wp\/v2\/types\/page"}],"author":[{"embeddable":true,"href":"https:\/\/101oscarcar.gr\/fr\/wp-json\/wp\/v2\/users\/1"}],"replies":[{"embeddable":true,"href":"https:\/\/101oscarcar.gr\/fr\/wp-json\/wp\/v2\/comments?post=1229"}],"version-history":[{"count":0,"href":"https:\/\/101oscarcar.gr\/fr\/wp-json\/wp\/v2\/pages\/1229\/revisions"}],"wp:attachment":[{"href":"https:\/\/101oscarcar.gr\/fr\/wp-json\/wp\/v2\/media?parent=1229"}],"curies":[{"name":"wp","href":"https:\/\/api.w.org\/{rel}","templated":true}]}}