{"id":1302,"date":"2013-10-09T13:01:01","date_gmt":"2013-10-09T10:01:01","guid":{"rendered":"http:\/\/101oscarcar.gr\/?page_id=1302"},"modified":"2013-10-15T19:22:15","modified_gmt":"2013-10-15T16:22:15","slug":"musee-dheraklion","status":"publish","type":"page","link":"https:\/\/101oscarcar.gr\/fr\/lieux-a-visiter\/musee-dheraklion\/","title":{"rendered":"Mus\u00e9e d\u2019Heraklion"},"content":{"rendered":"<h3>Heraklion Archaeological Museum<\/h3>\n<div style=\"text-align:center;\"><div class=\"custom-frame-wrapper aligncenter frame-shadow\"><div class=\"custom-frame-inner-wrapper\"><div class=\"custom-frame-padding\">    <img decoding=\"async\" src=\"http:\/\/101oscarcar.gr\/wp-content\/uploads\/2013\/08\/archaelogical_museum.jpg\" alt=\"Heraklion Archaeological Museum - Oscar Car Rent a car all over Crete\" \/><\/div><\/div><\/div><\/div>\n<p>Le mus\u00e9e arch\u00e9ologique d&rsquo;H\u00e9raklion,le mus\u00e9e de la civilisation minoenne, est consid\u00e9r\u00e9 parmi les mus\u00e9es les plus importants et les plus remarquables de Gr\u00e8ce et une des plus importants en Europe.<br \/>\nLe b\u00e2timent, qui est situ\u00e9 au mus\u00e9e, se trouve dans le centre-ville d&rsquo;H\u00e9raklion.<\/p>\n","protected":false},"excerpt":{"rendered":"<p>Heraklion Archaeological Museum Le mus\u00e9e arch\u00e9ologique d&rsquo;H\u00e9raklion,le mus\u00e9e de la civilisation minoenne, est consid\u00e9r\u00e9 parmi les mus\u00e9es les plus importants et les plus remarquables de Gr\u00e8ce et une des plus importants en Europe. Le b\u00e2timent, qui est situ\u00e9 au mus\u00e9e, se trouve dans le centre-ville d&rsquo;H\u00e9raklion.<\/p>\n","protected":false},"author":1,"featured_media":0,"parent":1271,"menu_order":0,"comment_status":"closed","ping_status":"closed","template":"page-PageTemplate2.php","meta":{"_acf_changed":false,"footnotes":""},"class_list":["post-1302","page","type-page","status-publish","hentry"],"acf":[],"yoast_head":"<!-- This site is optimized with the Yoast SEO plugin v24.2 - https:\/\/yoast.com\/wordpress\/plugins\/seo\/ -->\n<title>Mus\u00e9e d\u2019Heraklion - 101 Oscar Car - Cheap car rentals in Crete: Chania - Rethymno - Heraklion<\/title>\n<meta name=\"robots\" content=\"index, follow, max-snippet:-1, max-image-preview:large, max-video-preview:-1\" \/>\n<link rel=\"canonical\" href=\"https:\/\/101oscarcar.gr\/places-to-visit\/heraklion-archaeological-museum\/\" \/>\n<meta property=\"og:locale\" content=\"fr_FR\" \/>\n<meta property=\"og:type\" content=\"article\" \/>\n<meta property=\"og:title\" content=\"Mus\u00e9e d\u2019Heraklion - 101 Oscar Car - Cheap car rentals in Crete: Chania - Rethymno - Heraklion\" \/>\n<meta property=\"og:description\" content=\"Heraklion Archaeological Museum Le mus\u00e9e arch\u00e9ologique d&rsquo;H\u00e9raklion,le mus\u00e9e de la civilisation minoenne, est consid\u00e9r\u00e9 parmi les mus\u00e9es les plus importants et les plus remarquables de Gr\u00e8ce et une des plus importants en Europe. Le b\u00e2timent, qui est situ\u00e9 au mus\u00e9e, se trouve dans le centre-ville d&rsquo;H\u00e9raklion.\" \/>\n<meta property=\"og:url\" content=\"https:\/\/101oscarcar.gr\/places-to-visit\/heraklion-archaeological-museum\/\" \/>\n<meta property=\"og:site_name\" content=\"101 Oscar Car - Cheap car rentals in Crete: Chania - Rethymno - Heraklion\" \/>\n<meta property=\"article:publisher\" content=\"https:\/\/www.facebook.com\/101-Oscar-Car-749281678420071\/\" \/>\n<meta property=\"article:modified_time\" content=\"2013-10-15T16:22:15+00:00\" \/>\n<meta property=\"og:image\" content=\"http:\/\/101oscarcar.gr\/wp-content\/uploads\/2013\/08\/archaelogical_museum.jpg\" \/>\n<script type=\"application\/ld+json\" class=\"yoast-schema-graph\">{\"@context\":\"https:\/\/schema.org\",\"@graph\":[{\"@type\":\"WebPage\",\"@id\":\"https:\/\/101oscarcar.gr\/places-to-visit\/heraklion-archaeological-museum\/\",\"url\":\"https:\/\/101oscarcar.gr\/places-to-visit\/heraklion-archaeological-museum\/\",\"name\":\"Mus\u00e9e d\u2019Heraklion - 101 Oscar Car - Cheap car rentals in Crete: Chania - Rethymno - Heraklion\",\"isPartOf\":{\"@id\":\"https:\/\/101oscarcar.gr\/#website\"},\"primaryImageOfPage\":{\"@id\":\"https:\/\/101oscarcar.gr\/places-to-visit\/heraklion-archaeological-museum\/#primaryimage\"},\"image\":{\"@id\":\"https:\/\/101oscarcar.gr\/places-to-visit\/heraklion-archaeological-museum\/#primaryimage\"},\"thumbnailUrl\":\"http:\/\/101oscarcar.gr\/wp-content\/uploads\/2013\/08\/archaelogical_museum.jpg\",\"datePublished\":\"2013-10-09T10:01:01+00:00\",\"dateModified\":\"2013-10-15T16:22:15+00:00\",\"breadcrumb\":{\"@id\":\"https:\/\/101oscarcar.gr\/places-to-visit\/heraklion-archaeological-museum\/#breadcrumb\"},\"inLanguage\":\"fr-FR\",\"potentialAction\":[{\"@type\":\"ReadAction\",\"target\":[\"https:\/\/101oscarcar.gr\/places-to-visit\/heraklion-archaeological-museum\/\"]}]},{\"@type\":\"ImageObject\",\"inLanguage\":\"fr-FR\",\"@id\":\"https:\/\/101oscarcar.gr\/places-to-visit\/heraklion-archaeological-museum\/#primaryimage\",\"url\":\"http:\/\/101oscarcar.gr\/wp-content\/uploads\/2013\/08\/archaelogical_museum.jpg\",\"contentUrl\":\"http:\/\/101oscarcar.gr\/wp-content\/uploads\/2013\/08\/archaelogical_museum.jpg\"},{\"@type\":\"BreadcrumbList\",\"@id\":\"https:\/\/101oscarcar.gr\/places-to-visit\/heraklion-archaeological-museum\/#breadcrumb\",\"itemListElement\":[{\"@type\":\"ListItem\",\"position\":1,\"name\":\"Lieux \u00e0 visiter\",\"item\":\"https:\/\/101oscarcar.gr\/places-to-visit\/\"},{\"@type\":\"ListItem\",\"position\":2,\"name\":\"Mus\u00e9e d\u2019Heraklion\"}]},{\"@type\":\"WebSite\",\"@id\":\"https:\/\/101oscarcar.gr\/#website\",\"url\":\"https:\/\/101oscarcar.gr\/\",\"name\":\"101 Oscar Car - Cheap car rentals in Crete: Chania - Rethymno - Heraklion\",\"description\":\"Rent a car all over Crete\",\"potentialAction\":[{\"@type\":\"SearchAction\",\"target\":{\"@type\":\"EntryPoint\",\"urlTemplate\":\"https:\/\/101oscarcar.gr\/?s={search_term_string}\"},\"query-input\":{\"@type\":\"PropertyValueSpecification\",\"valueRequired\":true,\"valueName\":\"search_term_string\"}}],\"inLanguage\":\"fr-FR\"}]}<\/script>\n<!-- \/ Yoast SEO plugin. -->","yoast_head_json":{"title":"Mus\u00e9e d\u2019Heraklion - 101 Oscar Car - Cheap car rentals in Crete: Chania - Rethymno - Heraklion","robots":{"index":"index","follow":"follow","max-snippet":"max-snippet:-1","max-image-preview":"max-image-preview:large","max-video-preview":"max-video-preview:-1"},"canonical":"https:\/\/101oscarcar.gr\/places-to-visit\/heraklion-archaeological-museum\/","og_locale":"fr_FR","og_type":"article","og_title":"Mus\u00e9e d\u2019Heraklion - 101 Oscar Car - Cheap car rentals in Crete: Chania - Rethymno - Heraklion","og_description":"Heraklion Archaeological Museum Le mus\u00e9e arch\u00e9ologique d&rsquo;H\u00e9raklion,le mus\u00e9e de la civilisation minoenne, est consid\u00e9r\u00e9 parmi les mus\u00e9es les plus importants et les plus remarquables de Gr\u00e8ce et une des plus importants en Europe. Le b\u00e2timent, qui est situ\u00e9 au mus\u00e9e, se trouve dans le centre-ville d&rsquo;H\u00e9raklion.","og_url":"https:\/\/101oscarcar.gr\/places-to-visit\/heraklion-archaeological-museum\/","og_site_name":"101 Oscar Car - Cheap car rentals in Crete: Chania - Rethymno - Heraklion","article_publisher":"https:\/\/www.facebook.com\/101-Oscar-Car-749281678420071\/","article_modified_time":"2013-10-15T16:22:15+00:00","og_image":[{"url":"http:\/\/101oscarcar.gr\/wp-content\/uploads\/2013\/08\/archaelogical_museum.jpg","type":"","width":"","height":""}],"schema":{"@context":"https:\/\/schema.org","@graph":[{"@type":"WebPage","@id":"https:\/\/101oscarcar.gr\/places-to-visit\/heraklion-archaeological-museum\/","url":"https:\/\/101oscarcar.gr\/places-to-visit\/heraklion-archaeological-museum\/","name":"Mus\u00e9e d\u2019Heraklion - 101 Oscar Car - Cheap car rentals in Crete: Chania - Rethymno - Heraklion","isPartOf":{"@id":"https:\/\/101oscarcar.gr\/#website"},"primaryImageOfPage":{"@id":"https:\/\/101oscarcar.gr\/places-to-visit\/heraklion-archaeological-museum\/#primaryimage"},"image":{"@id":"https:\/\/101oscarcar.gr\/places-to-visit\/heraklion-archaeological-museum\/#primaryimage"},"thumbnailUrl":"http:\/\/101oscarcar.gr\/wp-content\/uploads\/2013\/08\/archaelogical_museum.jpg","datePublished":"2013-10-09T10:01:01+00:00","dateModified":"2013-10-15T16:22:15+00:00","breadcrumb":{"@id":"https:\/\/101oscarcar.gr\/places-to-visit\/heraklion-archaeological-museum\/#breadcrumb"},"inLanguage":"fr-FR","potentialAction":[{"@type":"ReadAction","target":["https:\/\/101oscarcar.gr\/places-to-visit\/heraklion-archaeological-museum\/"]}]},{"@type":"ImageObject","inLanguage":"fr-FR","@id":"https:\/\/101oscarcar.gr\/places-to-visit\/heraklion-archaeological-museum\/#primaryimage","url":"http:\/\/101oscarcar.gr\/wp-content\/uploads\/2013\/08\/archaelogical_museum.jpg","contentUrl":"http:\/\/101oscarcar.gr\/wp-content\/uploads\/2013\/08\/archaelogical_museum.jpg"},{"@type":"BreadcrumbList","@id":"https:\/\/101oscarcar.gr\/places-to-visit\/heraklion-archaeological-museum\/#breadcrumb","itemListElement":[{"@type":"ListItem","position":1,"name":"Lieux \u00e0 visiter","item":"https:\/\/101oscarcar.gr\/places-to-visit\/"},{"@type":"ListItem","position":2,"name":"Mus\u00e9e d\u2019Heraklion"}]},{"@type":"WebSite","@id":"https:\/\/101oscarcar.gr\/#website","url":"https:\/\/101oscarcar.gr\/","name":"101 Oscar Car - Cheap car rentals in Crete: Chania - Rethymno - Heraklion","description":"Rent a car all over Crete","potentialAction":[{"@type":"SearchAction","target":{"@type":"EntryPoint","urlTemplate":"https:\/\/101oscarcar.gr\/?s={search_term_string}"},"query-input":{"@type":"PropertyValueSpecification","valueRequired":true,"valueName":"search_term_string"}}],"inLanguage":"fr-FR"}]}},"_links":{"self":[{"href":"https:\/\/101oscarcar.gr\/fr\/wp-json\/wp\/v2\/pages\/1302","targetHints":{"allow":["GET"]}}],"collection":[{"href":"https:\/\/101oscarcar.gr\/fr\/wp-json\/wp\/v2\/pages"}],"about":[{"href":"https:\/\/101oscarcar.gr\/fr\/wp-json\/wp\/v2\/types\/page"}],"author":[{"embeddable":true,"href":"https:\/\/101oscarcar.gr\/fr\/wp-json\/wp\/v2\/users\/1"}],"replies":[{"embeddable":true,"href":"https:\/\/101oscarcar.gr\/fr\/wp-json\/wp\/v2\/comments?post=1302"}],"version-history":[{"count":0,"href":"https:\/\/101oscarcar.gr\/fr\/wp-json\/wp\/v2\/pages\/1302\/revisions"}],"up":[{"embeddable":true,"href":"https:\/\/101oscarcar.gr\/fr\/wp-json\/wp\/v2\/pages\/1271"}],"wp:attachment":[{"href":"https:\/\/101oscarcar.gr\/fr\/wp-json\/wp\/v2\/media?parent=1302"}],"curies":[{"name":"wp","href":"https:\/\/api.w.org\/{rel}","templated":true}]}}