{"id":1305,"date":"2013-10-09T13:03:45","date_gmt":"2013-10-09T10:03:45","guid":{"rendered":"http:\/\/101oscarcar.gr\/?page_id=1305"},"modified":"2013-10-09T13:04:52","modified_gmt":"2013-10-09T10:04:52","slug":"ierapetra","status":"publish","type":"page","link":"https:\/\/101oscarcar.gr\/fr\/lieux-a-visiter\/ierapetra\/","title":{"rendered":"Ierapetra"},"content":{"rendered":"<h3>Ierapetra<\/h3>\n<div style=\"text-align:center;\"><div class=\"custom-frame-wrapper aligncenter frame-shadow\"><div class=\"custom-frame-inner-wrapper\"><div class=\"custom-frame-padding\"><img decoding=\"async\" alt=\"Ierapetra - Oscar Car Rent a car all over Crete\" src=\"http:\/\/101oscarcar.gr\/wp-content\/uploads\/2013\/08\/ierapetra.jpg\" \/><\/div><\/div><\/div><\/div>\n<p>La plus grande ville de la pr\u00e9fecture de Lassithi &#8211; 35 km au SE de Saint-Nicolas &#8211; est construite sur la sortie d&rsquo;une vall\u00e9e fertile o\u00f9 l&rsquo;ancienne ville Ierapytna \u00e9tait situ\u00e9e, l&rsquo;une des villes les plus importantes de Cr\u00e8te.<\/p>\n","protected":false},"excerpt":{"rendered":"<p>Ierapetra La plus grande ville de la pr\u00e9fecture de Lassithi &#8211; 35 km au SE de Saint-Nicolas &#8211; est construite sur la sortie d&rsquo;une vall\u00e9e fertile o\u00f9 l&rsquo;ancienne ville Ierapytna \u00e9tait situ\u00e9e, l&rsquo;une des villes les plus importantes de Cr\u00e8te.<\/p>\n","protected":false},"author":1,"featured_media":0,"parent":1271,"menu_order":0,"comment_status":"closed","ping_status":"closed","template":"page-PageTemplate2.php","meta":{"_acf_changed":false,"footnotes":""},"class_list":["post-1305","page","type-page","status-publish","hentry"],"acf":[],"yoast_head":"<!-- This site is optimized with the Yoast SEO plugin v24.2 - https:\/\/yoast.com\/wordpress\/plugins\/seo\/ -->\n<title>Ierapetra - 101 Oscar Car - Cheap car rentals in Crete: Chania - Rethymno - Heraklion<\/title>\n<meta name=\"robots\" content=\"index, follow, max-snippet:-1, max-image-preview:large, max-video-preview:-1\" \/>\n<link rel=\"canonical\" href=\"https:\/\/101oscarcar.gr\/places-to-visit\/ierapetra\/\" \/>\n<meta property=\"og:locale\" content=\"fr_FR\" \/>\n<meta property=\"og:type\" content=\"article\" \/>\n<meta property=\"og:title\" content=\"Ierapetra - 101 Oscar Car - Cheap car rentals in Crete: Chania - Rethymno - Heraklion\" \/>\n<meta property=\"og:description\" content=\"Ierapetra La plus grande ville de la pr\u00e9fecture de Lassithi &#8211; 35 km au SE de Saint-Nicolas &#8211; est construite sur la sortie d&rsquo;une vall\u00e9e fertile o\u00f9 l&rsquo;ancienne ville Ierapytna \u00e9tait situ\u00e9e, l&rsquo;une des villes les plus importantes de Cr\u00e8te.\" \/>\n<meta property=\"og:url\" content=\"https:\/\/101oscarcar.gr\/places-to-visit\/ierapetra\/\" \/>\n<meta property=\"og:site_name\" content=\"101 Oscar Car - Cheap car rentals in Crete: Chania - Rethymno - Heraklion\" \/>\n<meta property=\"article:publisher\" content=\"https:\/\/www.facebook.com\/101-Oscar-Car-749281678420071\/\" \/>\n<meta property=\"article:modified_time\" content=\"2013-10-09T10:04:52+00:00\" \/>\n<meta property=\"og:image\" content=\"http:\/\/101oscarcar.gr\/wp-content\/uploads\/2013\/08\/ierapetra.jpg\" \/>\n<script type=\"application\/ld+json\" class=\"yoast-schema-graph\">{\"@context\":\"https:\/\/schema.org\",\"@graph\":[{\"@type\":\"WebPage\",\"@id\":\"https:\/\/101oscarcar.gr\/places-to-visit\/ierapetra\/\",\"url\":\"https:\/\/101oscarcar.gr\/places-to-visit\/ierapetra\/\",\"name\":\"Ierapetra - 101 Oscar Car - Cheap car rentals in Crete: Chania - Rethymno - Heraklion\",\"isPartOf\":{\"@id\":\"https:\/\/101oscarcar.gr\/#website\"},\"primaryImageOfPage\":{\"@id\":\"https:\/\/101oscarcar.gr\/places-to-visit\/ierapetra\/#primaryimage\"},\"image\":{\"@id\":\"https:\/\/101oscarcar.gr\/places-to-visit\/ierapetra\/#primaryimage\"},\"thumbnailUrl\":\"http:\/\/101oscarcar.gr\/wp-content\/uploads\/2013\/08\/ierapetra.jpg\",\"datePublished\":\"2013-10-09T10:03:45+00:00\",\"dateModified\":\"2013-10-09T10:04:52+00:00\",\"breadcrumb\":{\"@id\":\"https:\/\/101oscarcar.gr\/places-to-visit\/ierapetra\/#breadcrumb\"},\"inLanguage\":\"fr-FR\",\"potentialAction\":[{\"@type\":\"ReadAction\",\"target\":[\"https:\/\/101oscarcar.gr\/places-to-visit\/ierapetra\/\"]}]},{\"@type\":\"ImageObject\",\"inLanguage\":\"fr-FR\",\"@id\":\"https:\/\/101oscarcar.gr\/places-to-visit\/ierapetra\/#primaryimage\",\"url\":\"http:\/\/101oscarcar.gr\/wp-content\/uploads\/2013\/08\/ierapetra.jpg\",\"contentUrl\":\"http:\/\/101oscarcar.gr\/wp-content\/uploads\/2013\/08\/ierapetra.jpg\"},{\"@type\":\"BreadcrumbList\",\"@id\":\"https:\/\/101oscarcar.gr\/places-to-visit\/ierapetra\/#breadcrumb\",\"itemListElement\":[{\"@type\":\"ListItem\",\"position\":1,\"name\":\"Lieux \u00e0 visiter\",\"item\":\"https:\/\/101oscarcar.gr\/places-to-visit\/\"},{\"@type\":\"ListItem\",\"position\":2,\"name\":\"Ierapetra\"}]},{\"@type\":\"WebSite\",\"@id\":\"https:\/\/101oscarcar.gr\/#website\",\"url\":\"https:\/\/101oscarcar.gr\/\",\"name\":\"101 Oscar Car - Cheap car rentals in Crete: Chania - Rethymno - Heraklion\",\"description\":\"Rent a car all over Crete\",\"potentialAction\":[{\"@type\":\"SearchAction\",\"target\":{\"@type\":\"EntryPoint\",\"urlTemplate\":\"https:\/\/101oscarcar.gr\/?s={search_term_string}\"},\"query-input\":{\"@type\":\"PropertyValueSpecification\",\"valueRequired\":true,\"valueName\":\"search_term_string\"}}],\"inLanguage\":\"fr-FR\"}]}<\/script>\n<!-- \/ Yoast SEO plugin. -->","yoast_head_json":{"title":"Ierapetra - 101 Oscar Car - Cheap car rentals in Crete: Chania - Rethymno - Heraklion","robots":{"index":"index","follow":"follow","max-snippet":"max-snippet:-1","max-image-preview":"max-image-preview:large","max-video-preview":"max-video-preview:-1"},"canonical":"https:\/\/101oscarcar.gr\/places-to-visit\/ierapetra\/","og_locale":"fr_FR","og_type":"article","og_title":"Ierapetra - 101 Oscar Car - Cheap car rentals in Crete: Chania - Rethymno - Heraklion","og_description":"Ierapetra La plus grande ville de la pr\u00e9fecture de Lassithi &#8211; 35 km au SE de Saint-Nicolas &#8211; est construite sur la sortie d&rsquo;une vall\u00e9e fertile o\u00f9 l&rsquo;ancienne ville Ierapytna \u00e9tait situ\u00e9e, l&rsquo;une des villes les plus importantes de Cr\u00e8te.","og_url":"https:\/\/101oscarcar.gr\/places-to-visit\/ierapetra\/","og_site_name":"101 Oscar Car - Cheap car rentals in Crete: Chania - Rethymno - Heraklion","article_publisher":"https:\/\/www.facebook.com\/101-Oscar-Car-749281678420071\/","article_modified_time":"2013-10-09T10:04:52+00:00","og_image":[{"url":"http:\/\/101oscarcar.gr\/wp-content\/uploads\/2013\/08\/ierapetra.jpg","type":"","width":"","height":""}],"schema":{"@context":"https:\/\/schema.org","@graph":[{"@type":"WebPage","@id":"https:\/\/101oscarcar.gr\/places-to-visit\/ierapetra\/","url":"https:\/\/101oscarcar.gr\/places-to-visit\/ierapetra\/","name":"Ierapetra - 101 Oscar Car - Cheap car rentals in Crete: Chania - Rethymno - Heraklion","isPartOf":{"@id":"https:\/\/101oscarcar.gr\/#website"},"primaryImageOfPage":{"@id":"https:\/\/101oscarcar.gr\/places-to-visit\/ierapetra\/#primaryimage"},"image":{"@id":"https:\/\/101oscarcar.gr\/places-to-visit\/ierapetra\/#primaryimage"},"thumbnailUrl":"http:\/\/101oscarcar.gr\/wp-content\/uploads\/2013\/08\/ierapetra.jpg","datePublished":"2013-10-09T10:03:45+00:00","dateModified":"2013-10-09T10:04:52+00:00","breadcrumb":{"@id":"https:\/\/101oscarcar.gr\/places-to-visit\/ierapetra\/#breadcrumb"},"inLanguage":"fr-FR","potentialAction":[{"@type":"ReadAction","target":["https:\/\/101oscarcar.gr\/places-to-visit\/ierapetra\/"]}]},{"@type":"ImageObject","inLanguage":"fr-FR","@id":"https:\/\/101oscarcar.gr\/places-to-visit\/ierapetra\/#primaryimage","url":"http:\/\/101oscarcar.gr\/wp-content\/uploads\/2013\/08\/ierapetra.jpg","contentUrl":"http:\/\/101oscarcar.gr\/wp-content\/uploads\/2013\/08\/ierapetra.jpg"},{"@type":"BreadcrumbList","@id":"https:\/\/101oscarcar.gr\/places-to-visit\/ierapetra\/#breadcrumb","itemListElement":[{"@type":"ListItem","position":1,"name":"Lieux \u00e0 visiter","item":"https:\/\/101oscarcar.gr\/places-to-visit\/"},{"@type":"ListItem","position":2,"name":"Ierapetra"}]},{"@type":"WebSite","@id":"https:\/\/101oscarcar.gr\/#website","url":"https:\/\/101oscarcar.gr\/","name":"101 Oscar Car - Cheap car rentals in Crete: Chania - Rethymno - Heraklion","description":"Rent a car all over Crete","potentialAction":[{"@type":"SearchAction","target":{"@type":"EntryPoint","urlTemplate":"https:\/\/101oscarcar.gr\/?s={search_term_string}"},"query-input":{"@type":"PropertyValueSpecification","valueRequired":true,"valueName":"search_term_string"}}],"inLanguage":"fr-FR"}]}},"_links":{"self":[{"href":"https:\/\/101oscarcar.gr\/fr\/wp-json\/wp\/v2\/pages\/1305","targetHints":{"allow":["GET"]}}],"collection":[{"href":"https:\/\/101oscarcar.gr\/fr\/wp-json\/wp\/v2\/pages"}],"about":[{"href":"https:\/\/101oscarcar.gr\/fr\/wp-json\/wp\/v2\/types\/page"}],"author":[{"embeddable":true,"href":"https:\/\/101oscarcar.gr\/fr\/wp-json\/wp\/v2\/users\/1"}],"replies":[{"embeddable":true,"href":"https:\/\/101oscarcar.gr\/fr\/wp-json\/wp\/v2\/comments?post=1305"}],"version-history":[{"count":0,"href":"https:\/\/101oscarcar.gr\/fr\/wp-json\/wp\/v2\/pages\/1305\/revisions"}],"up":[{"embeddable":true,"href":"https:\/\/101oscarcar.gr\/fr\/wp-json\/wp\/v2\/pages\/1271"}],"wp:attachment":[{"href":"https:\/\/101oscarcar.gr\/fr\/wp-json\/wp\/v2\/media?parent=1305"}],"curies":[{"name":"wp","href":"https:\/\/api.w.org\/{rel}","templated":true}]}}