{"id":2712,"date":"2024-05-06T11:58:39","date_gmt":"2024-05-06T08:58:39","guid":{"rendered":"https:\/\/101oscarcar.gr\/?page_id=2712"},"modified":"2024-05-06T11:58:39","modified_gmt":"2024-05-06T08:58:39","slug":"aptera","status":"publish","type":"page","link":"https:\/\/101oscarcar.gr\/fr\/lieux-a-visiter\/aptera\/","title":{"rendered":"Aptera"},"content":{"rendered":"<h3>Aptera<\/h3>\n<div style=\"text-align:center;\"><div class=\"custom-frame-wrapper aligncenter frame-shadow\"><div class=\"custom-frame-inner-wrapper\"><div class=\"custom-frame-padding\">    <img decoding=\"async\" src=\"https:\/\/101oscarcar.gr\/wp-content\/uploads\/2024\/05\/aptera-2.jpg\" alt=\"Aptera - Oscar Car Rent a car all over Crete\" \/><\/div><\/div><\/div><\/div>\n<p>Aptera \u00e9tait une ville ancienne, aujourd&rsquo;hui un site arch\u00e9ologique dans l&rsquo;ouest de la Cr\u00e8te, \u00e0 un kilom\u00e8tre \u00e0 l&rsquo;int\u00e9rieur des terres de la rive sud de la baie de Souda, \u00e0 environ 13 km \u00e0 l&rsquo;est de la ville de La Can\u00e9e.<\/p>\n<p>Gr\u00e2ce \u00e0 sa situation g\u00e9ographique tr\u00e8s avantageuse, la cit\u00e9-\u00c9tat fut puissante de l&rsquo;\u00e9poque minoenne jusqu&rsquo;\u00e0 l&rsquo;\u00e9poque hell\u00e9nistique, avant de d\u00e9cliner progressivement.<\/p>\n<p>Dans la mythologie grecque, Aptera fut le lieu du combat l\u00e9gendaire entre les Sir\u00e8nes et les Muses, lorsqu&rsquo;apr\u00e8s la victoire des Muses, les Sir\u00e8nes perdirent les plumes de leurs ailes sur leurs \u00e9paules et, devenues ainsi blanches, se jet\u00e8rent \u00e0 la mer. . Le nom de la ville signifie litt\u00e9ralement \u00ab sans ailes \u00bb.<\/p>\n","protected":false},"excerpt":{"rendered":"<p>Aptera Aptera \u00e9tait une ville ancienne, aujourd&rsquo;hui un site arch\u00e9ologique dans l&rsquo;ouest de la Cr\u00e8te, \u00e0 un kilom\u00e8tre \u00e0 l&rsquo;int\u00e9rieur des terres de la rive sud de la baie de Souda, \u00e0 environ 13 km \u00e0 l&rsquo;est de la ville de La Can\u00e9e. Gr\u00e2ce \u00e0 sa situation<\/p>\n","protected":false},"author":1,"featured_media":0,"parent":1271,"menu_order":0,"comment_status":"closed","ping_status":"closed","template":"page-PageTemplate2.php","meta":{"_acf_changed":false,"footnotes":""},"class_list":["post-2712","page","type-page","status-publish","hentry"],"acf":[],"yoast_head":"<!-- This site is optimized with the Yoast SEO plugin v24.2 - https:\/\/yoast.com\/wordpress\/plugins\/seo\/ -->\n<title>Aptera - 101 Oscar Car - Cheap car rentals in Crete: Chania - Rethymno - Heraklion<\/title>\n<meta name=\"robots\" content=\"index, follow, max-snippet:-1, max-image-preview:large, max-video-preview:-1\" \/>\n<link rel=\"canonical\" href=\"https:\/\/101oscarcar.gr\/places-to-visit\/aptera\/\" \/>\n<meta property=\"og:locale\" content=\"fr_FR\" \/>\n<meta property=\"og:type\" content=\"article\" \/>\n<meta property=\"og:title\" content=\"Aptera - 101 Oscar Car - Cheap car rentals in Crete: Chania - Rethymno - Heraklion\" \/>\n<meta property=\"og:description\" content=\"Aptera Aptera \u00e9tait une ville ancienne, aujourd&rsquo;hui un site arch\u00e9ologique dans l&rsquo;ouest de la Cr\u00e8te, \u00e0 un kilom\u00e8tre \u00e0 l&rsquo;int\u00e9rieur des terres de la rive sud de la baie de Souda, \u00e0 environ 13 km \u00e0 l&rsquo;est de la ville de La Can\u00e9e. Gr\u00e2ce \u00e0 sa situation\" \/>\n<meta property=\"og:url\" content=\"https:\/\/101oscarcar.gr\/places-to-visit\/aptera\/\" \/>\n<meta property=\"og:site_name\" content=\"101 Oscar Car - Cheap car rentals in Crete: Chania - Rethymno - Heraklion\" \/>\n<meta property=\"article:publisher\" content=\"https:\/\/www.facebook.com\/101-Oscar-Car-749281678420071\/\" \/>\n<meta property=\"og:image\" content=\"https:\/\/101oscarcar.gr\/wp-content\/uploads\/2024\/05\/aptera-2.jpg\" \/>\n<meta name=\"twitter:label1\" content=\"Dur\u00e9e de lecture estim\u00e9e\" \/>\n\t<meta name=\"twitter:data1\" content=\"1 minute\" \/>\n<script type=\"application\/ld+json\" class=\"yoast-schema-graph\">{\"@context\":\"https:\/\/schema.org\",\"@graph\":[{\"@type\":\"WebPage\",\"@id\":\"https:\/\/101oscarcar.gr\/places-to-visit\/aptera\/\",\"url\":\"https:\/\/101oscarcar.gr\/places-to-visit\/aptera\/\",\"name\":\"Aptera - 101 Oscar Car - Cheap car rentals in Crete: Chania - Rethymno - Heraklion\",\"isPartOf\":{\"@id\":\"https:\/\/101oscarcar.gr\/#website\"},\"primaryImageOfPage\":{\"@id\":\"https:\/\/101oscarcar.gr\/places-to-visit\/aptera\/#primaryimage\"},\"image\":{\"@id\":\"https:\/\/101oscarcar.gr\/places-to-visit\/aptera\/#primaryimage\"},\"thumbnailUrl\":\"https:\/\/101oscarcar.gr\/wp-content\/uploads\/2024\/05\/aptera-2.jpg\",\"datePublished\":\"2024-05-06T08:58:39+00:00\",\"dateModified\":\"2024-05-06T08:58:39+00:00\",\"breadcrumb\":{\"@id\":\"https:\/\/101oscarcar.gr\/places-to-visit\/aptera\/#breadcrumb\"},\"inLanguage\":\"fr-FR\",\"potentialAction\":[{\"@type\":\"ReadAction\",\"target\":[\"https:\/\/101oscarcar.gr\/places-to-visit\/aptera\/\"]}]},{\"@type\":\"ImageObject\",\"inLanguage\":\"fr-FR\",\"@id\":\"https:\/\/101oscarcar.gr\/places-to-visit\/aptera\/#primaryimage\",\"url\":\"https:\/\/101oscarcar.gr\/wp-content\/uploads\/2024\/05\/aptera-2.jpg\",\"contentUrl\":\"https:\/\/101oscarcar.gr\/wp-content\/uploads\/2024\/05\/aptera-2.jpg\"},{\"@type\":\"BreadcrumbList\",\"@id\":\"https:\/\/101oscarcar.gr\/places-to-visit\/aptera\/#breadcrumb\",\"itemListElement\":[{\"@type\":\"ListItem\",\"position\":1,\"name\":\"Lieux \u00e0 visiter\",\"item\":\"https:\/\/101oscarcar.gr\/places-to-visit\/\"},{\"@type\":\"ListItem\",\"position\":2,\"name\":\"Aptera\"}]},{\"@type\":\"WebSite\",\"@id\":\"https:\/\/101oscarcar.gr\/#website\",\"url\":\"https:\/\/101oscarcar.gr\/\",\"name\":\"101 Oscar Car - Cheap car rentals in Crete: Chania - Rethymno - Heraklion\",\"description\":\"Rent a car all over Crete\",\"potentialAction\":[{\"@type\":\"SearchAction\",\"target\":{\"@type\":\"EntryPoint\",\"urlTemplate\":\"https:\/\/101oscarcar.gr\/?s={search_term_string}\"},\"query-input\":{\"@type\":\"PropertyValueSpecification\",\"valueRequired\":true,\"valueName\":\"search_term_string\"}}],\"inLanguage\":\"fr-FR\"}]}<\/script>\n<!-- \/ Yoast SEO plugin. -->","yoast_head_json":{"title":"Aptera - 101 Oscar Car - Cheap car rentals in Crete: Chania - Rethymno - Heraklion","robots":{"index":"index","follow":"follow","max-snippet":"max-snippet:-1","max-image-preview":"max-image-preview:large","max-video-preview":"max-video-preview:-1"},"canonical":"https:\/\/101oscarcar.gr\/places-to-visit\/aptera\/","og_locale":"fr_FR","og_type":"article","og_title":"Aptera - 101 Oscar Car - Cheap car rentals in Crete: Chania - Rethymno - Heraklion","og_description":"Aptera Aptera \u00e9tait une ville ancienne, aujourd&rsquo;hui un site arch\u00e9ologique dans l&rsquo;ouest de la Cr\u00e8te, \u00e0 un kilom\u00e8tre \u00e0 l&rsquo;int\u00e9rieur des terres de la rive sud de la baie de Souda, \u00e0 environ 13 km \u00e0 l&rsquo;est de la ville de La Can\u00e9e. Gr\u00e2ce \u00e0 sa situation","og_url":"https:\/\/101oscarcar.gr\/places-to-visit\/aptera\/","og_site_name":"101 Oscar Car - Cheap car rentals in Crete: Chania - Rethymno - Heraklion","article_publisher":"https:\/\/www.facebook.com\/101-Oscar-Car-749281678420071\/","og_image":[{"url":"https:\/\/101oscarcar.gr\/wp-content\/uploads\/2024\/05\/aptera-2.jpg","type":"","width":"","height":""}],"twitter_misc":{"Dur\u00e9e de lecture estim\u00e9e":"1 minute"},"schema":{"@context":"https:\/\/schema.org","@graph":[{"@type":"WebPage","@id":"https:\/\/101oscarcar.gr\/places-to-visit\/aptera\/","url":"https:\/\/101oscarcar.gr\/places-to-visit\/aptera\/","name":"Aptera - 101 Oscar Car - Cheap car rentals in Crete: Chania - Rethymno - Heraklion","isPartOf":{"@id":"https:\/\/101oscarcar.gr\/#website"},"primaryImageOfPage":{"@id":"https:\/\/101oscarcar.gr\/places-to-visit\/aptera\/#primaryimage"},"image":{"@id":"https:\/\/101oscarcar.gr\/places-to-visit\/aptera\/#primaryimage"},"thumbnailUrl":"https:\/\/101oscarcar.gr\/wp-content\/uploads\/2024\/05\/aptera-2.jpg","datePublished":"2024-05-06T08:58:39+00:00","dateModified":"2024-05-06T08:58:39+00:00","breadcrumb":{"@id":"https:\/\/101oscarcar.gr\/places-to-visit\/aptera\/#breadcrumb"},"inLanguage":"fr-FR","potentialAction":[{"@type":"ReadAction","target":["https:\/\/101oscarcar.gr\/places-to-visit\/aptera\/"]}]},{"@type":"ImageObject","inLanguage":"fr-FR","@id":"https:\/\/101oscarcar.gr\/places-to-visit\/aptera\/#primaryimage","url":"https:\/\/101oscarcar.gr\/wp-content\/uploads\/2024\/05\/aptera-2.jpg","contentUrl":"https:\/\/101oscarcar.gr\/wp-content\/uploads\/2024\/05\/aptera-2.jpg"},{"@type":"BreadcrumbList","@id":"https:\/\/101oscarcar.gr\/places-to-visit\/aptera\/#breadcrumb","itemListElement":[{"@type":"ListItem","position":1,"name":"Lieux \u00e0 visiter","item":"https:\/\/101oscarcar.gr\/places-to-visit\/"},{"@type":"ListItem","position":2,"name":"Aptera"}]},{"@type":"WebSite","@id":"https:\/\/101oscarcar.gr\/#website","url":"https:\/\/101oscarcar.gr\/","name":"101 Oscar Car - Cheap car rentals in Crete: Chania - Rethymno - Heraklion","description":"Rent a car all over Crete","potentialAction":[{"@type":"SearchAction","target":{"@type":"EntryPoint","urlTemplate":"https:\/\/101oscarcar.gr\/?s={search_term_string}"},"query-input":{"@type":"PropertyValueSpecification","valueRequired":true,"valueName":"search_term_string"}}],"inLanguage":"fr-FR"}]}},"_links":{"self":[{"href":"https:\/\/101oscarcar.gr\/fr\/wp-json\/wp\/v2\/pages\/2712","targetHints":{"allow":["GET"]}}],"collection":[{"href":"https:\/\/101oscarcar.gr\/fr\/wp-json\/wp\/v2\/pages"}],"about":[{"href":"https:\/\/101oscarcar.gr\/fr\/wp-json\/wp\/v2\/types\/page"}],"author":[{"embeddable":true,"href":"https:\/\/101oscarcar.gr\/fr\/wp-json\/wp\/v2\/users\/1"}],"replies":[{"embeddable":true,"href":"https:\/\/101oscarcar.gr\/fr\/wp-json\/wp\/v2\/comments?post=2712"}],"version-history":[{"count":0,"href":"https:\/\/101oscarcar.gr\/fr\/wp-json\/wp\/v2\/pages\/2712\/revisions"}],"up":[{"embeddable":true,"href":"https:\/\/101oscarcar.gr\/fr\/wp-json\/wp\/v2\/pages\/1271"}],"wp:attachment":[{"href":"https:\/\/101oscarcar.gr\/fr\/wp-json\/wp\/v2\/media?parent=2712"}],"curies":[{"name":"wp","href":"https:\/\/api.w.org\/{rel}","templated":true}]}}