{"id":2747,"date":"2024-05-06T14:00:40","date_gmt":"2024-05-06T11:00:40","guid":{"rendered":"https:\/\/101oscarcar.gr\/?page_id=2747"},"modified":"2024-05-06T14:00:40","modified_gmt":"2024-05-06T11:00:40","slug":"la-grotte-de-sfentoni","status":"publish","type":"page","link":"https:\/\/101oscarcar.gr\/fr\/lieux-a-visiter\/la-grotte-de-sfentoni\/","title":{"rendered":"La grotte de Sfentoni"},"content":{"rendered":"<h3>La grotte de Sfentoni<\/h3>\n<div style=\"text-align:center;\"><div class=\"custom-frame-wrapper aligncenter frame-shadow\"><div class=\"custom-frame-inner-wrapper\"><div class=\"custom-frame-padding\">    <img decoding=\"async\" src=\"https:\/\/101oscarcar.gr\/wp-content\/uploads\/2024\/05\/sfentoni.jpg\" alt=\"Sfentoni Cave - Oscar Car Rent a car all over Crete\" \/><\/div><\/div><\/div><\/div>\n<p>La grottte Sfentonis, au pied de Psiloritis, est une de plus grandes cr\u00e9ations naturelles architecturales de Gr\u00e8ce. Gr\u00e8ce. \u00c0 son int\u00e9rieur, vous trouvez des stalagmites et des stalactites, form\u00e9s par le flux de l\u2019eau au cours des ann\u00e9es. En visitant la grotte, vous pouvez d\u00e9couvrir la beaut\u00e9 naturelle impressionnante de Cr\u00e8te. Elle est facilement accessible \u00e0 travers le village de Zoniana.<\/p>\n","protected":false},"excerpt":{"rendered":"<p>La grotte de Sfentoni La grottte Sfentonis, au pied de Psiloritis, est une de plus grandes cr\u00e9ations naturelles architecturales de Gr\u00e8ce. Gr\u00e8ce. \u00c0 son int\u00e9rieur, vous trouvez des stalagmites et des stalactites, form\u00e9s par le flux de l\u2019eau au cours des ann\u00e9es. En visitant la grotte, vous<\/p>\n","protected":false},"author":1,"featured_media":0,"parent":1271,"menu_order":0,"comment_status":"closed","ping_status":"closed","template":"page-PageTemplate2.php","meta":{"_acf_changed":false,"footnotes":""},"class_list":["post-2747","page","type-page","status-publish","hentry"],"acf":[],"yoast_head":"<!-- This site is optimized with the Yoast SEO plugin v24.2 - https:\/\/yoast.com\/wordpress\/plugins\/seo\/ -->\n<title>La grotte de Sfentoni - 101 Oscar Car - Cheap car rentals in Crete: Chania - Rethymno - Heraklion<\/title>\n<meta name=\"robots\" content=\"index, follow, max-snippet:-1, max-image-preview:large, max-video-preview:-1\" \/>\n<link rel=\"canonical\" href=\"https:\/\/101oscarcar.gr\/places-to-visit\/sfentoni-cave\/\" \/>\n<meta property=\"og:locale\" content=\"fr_FR\" \/>\n<meta property=\"og:type\" content=\"article\" \/>\n<meta property=\"og:title\" content=\"La grotte de Sfentoni - 101 Oscar Car - Cheap car rentals in Crete: Chania - Rethymno - Heraklion\" \/>\n<meta property=\"og:description\" content=\"La grotte de Sfentoni La grottte Sfentonis, au pied de Psiloritis, est une de plus grandes cr\u00e9ations naturelles architecturales de Gr\u00e8ce. Gr\u00e8ce. \u00c0 son int\u00e9rieur, vous trouvez des stalagmites et des stalactites, form\u00e9s par le flux de l\u2019eau au cours des ann\u00e9es. En visitant la grotte, vous\" \/>\n<meta property=\"og:url\" content=\"https:\/\/101oscarcar.gr\/places-to-visit\/sfentoni-cave\/\" \/>\n<meta property=\"og:site_name\" content=\"101 Oscar Car - Cheap car rentals in Crete: Chania - Rethymno - Heraklion\" \/>\n<meta property=\"article:publisher\" content=\"https:\/\/www.facebook.com\/101-Oscar-Car-749281678420071\/\" \/>\n<meta property=\"og:image\" content=\"https:\/\/101oscarcar.gr\/wp-content\/uploads\/2024\/05\/sfentoni.jpg\" \/>\n<script type=\"application\/ld+json\" class=\"yoast-schema-graph\">{\"@context\":\"https:\/\/schema.org\",\"@graph\":[{\"@type\":\"WebPage\",\"@id\":\"https:\/\/101oscarcar.gr\/places-to-visit\/sfentoni-cave\/\",\"url\":\"https:\/\/101oscarcar.gr\/places-to-visit\/sfentoni-cave\/\",\"name\":\"La grotte de Sfentoni - 101 Oscar Car - Cheap car rentals in Crete: Chania - Rethymno - Heraklion\",\"isPartOf\":{\"@id\":\"https:\/\/101oscarcar.gr\/#website\"},\"primaryImageOfPage\":{\"@id\":\"https:\/\/101oscarcar.gr\/places-to-visit\/sfentoni-cave\/#primaryimage\"},\"image\":{\"@id\":\"https:\/\/101oscarcar.gr\/places-to-visit\/sfentoni-cave\/#primaryimage\"},\"thumbnailUrl\":\"https:\/\/101oscarcar.gr\/wp-content\/uploads\/2024\/05\/sfentoni.jpg\",\"datePublished\":\"2024-05-06T11:00:40+00:00\",\"dateModified\":\"2024-05-06T11:00:40+00:00\",\"breadcrumb\":{\"@id\":\"https:\/\/101oscarcar.gr\/places-to-visit\/sfentoni-cave\/#breadcrumb\"},\"inLanguage\":\"fr-FR\",\"potentialAction\":[{\"@type\":\"ReadAction\",\"target\":[\"https:\/\/101oscarcar.gr\/places-to-visit\/sfentoni-cave\/\"]}]},{\"@type\":\"ImageObject\",\"inLanguage\":\"fr-FR\",\"@id\":\"https:\/\/101oscarcar.gr\/places-to-visit\/sfentoni-cave\/#primaryimage\",\"url\":\"https:\/\/101oscarcar.gr\/wp-content\/uploads\/2024\/05\/sfentoni.jpg\",\"contentUrl\":\"https:\/\/101oscarcar.gr\/wp-content\/uploads\/2024\/05\/sfentoni.jpg\"},{\"@type\":\"BreadcrumbList\",\"@id\":\"https:\/\/101oscarcar.gr\/places-to-visit\/sfentoni-cave\/#breadcrumb\",\"itemListElement\":[{\"@type\":\"ListItem\",\"position\":1,\"name\":\"Lieux \u00e0 visiter\",\"item\":\"https:\/\/101oscarcar.gr\/places-to-visit\/\"},{\"@type\":\"ListItem\",\"position\":2,\"name\":\"La grotte de Sfentoni\"}]},{\"@type\":\"WebSite\",\"@id\":\"https:\/\/101oscarcar.gr\/#website\",\"url\":\"https:\/\/101oscarcar.gr\/\",\"name\":\"101 Oscar Car - Cheap car rentals in Crete: Chania - Rethymno - Heraklion\",\"description\":\"Rent a car all over Crete\",\"potentialAction\":[{\"@type\":\"SearchAction\",\"target\":{\"@type\":\"EntryPoint\",\"urlTemplate\":\"https:\/\/101oscarcar.gr\/?s={search_term_string}\"},\"query-input\":{\"@type\":\"PropertyValueSpecification\",\"valueRequired\":true,\"valueName\":\"search_term_string\"}}],\"inLanguage\":\"fr-FR\"}]}<\/script>\n<!-- \/ Yoast SEO plugin. -->","yoast_head_json":{"title":"La grotte de Sfentoni - 101 Oscar Car - Cheap car rentals in Crete: Chania - Rethymno - Heraklion","robots":{"index":"index","follow":"follow","max-snippet":"max-snippet:-1","max-image-preview":"max-image-preview:large","max-video-preview":"max-video-preview:-1"},"canonical":"https:\/\/101oscarcar.gr\/places-to-visit\/sfentoni-cave\/","og_locale":"fr_FR","og_type":"article","og_title":"La grotte de Sfentoni - 101 Oscar Car - Cheap car rentals in Crete: Chania - Rethymno - Heraklion","og_description":"La grotte de Sfentoni La grottte Sfentonis, au pied de Psiloritis, est une de plus grandes cr\u00e9ations naturelles architecturales de Gr\u00e8ce. Gr\u00e8ce. \u00c0 son int\u00e9rieur, vous trouvez des stalagmites et des stalactites, form\u00e9s par le flux de l\u2019eau au cours des ann\u00e9es. En visitant la grotte, vous","og_url":"https:\/\/101oscarcar.gr\/places-to-visit\/sfentoni-cave\/","og_site_name":"101 Oscar Car - Cheap car rentals in Crete: Chania - Rethymno - Heraklion","article_publisher":"https:\/\/www.facebook.com\/101-Oscar-Car-749281678420071\/","og_image":[{"url":"https:\/\/101oscarcar.gr\/wp-content\/uploads\/2024\/05\/sfentoni.jpg","type":"","width":"","height":""}],"schema":{"@context":"https:\/\/schema.org","@graph":[{"@type":"WebPage","@id":"https:\/\/101oscarcar.gr\/places-to-visit\/sfentoni-cave\/","url":"https:\/\/101oscarcar.gr\/places-to-visit\/sfentoni-cave\/","name":"La grotte de Sfentoni - 101 Oscar Car - Cheap car rentals in Crete: Chania - Rethymno - Heraklion","isPartOf":{"@id":"https:\/\/101oscarcar.gr\/#website"},"primaryImageOfPage":{"@id":"https:\/\/101oscarcar.gr\/places-to-visit\/sfentoni-cave\/#primaryimage"},"image":{"@id":"https:\/\/101oscarcar.gr\/places-to-visit\/sfentoni-cave\/#primaryimage"},"thumbnailUrl":"https:\/\/101oscarcar.gr\/wp-content\/uploads\/2024\/05\/sfentoni.jpg","datePublished":"2024-05-06T11:00:40+00:00","dateModified":"2024-05-06T11:00:40+00:00","breadcrumb":{"@id":"https:\/\/101oscarcar.gr\/places-to-visit\/sfentoni-cave\/#breadcrumb"},"inLanguage":"fr-FR","potentialAction":[{"@type":"ReadAction","target":["https:\/\/101oscarcar.gr\/places-to-visit\/sfentoni-cave\/"]}]},{"@type":"ImageObject","inLanguage":"fr-FR","@id":"https:\/\/101oscarcar.gr\/places-to-visit\/sfentoni-cave\/#primaryimage","url":"https:\/\/101oscarcar.gr\/wp-content\/uploads\/2024\/05\/sfentoni.jpg","contentUrl":"https:\/\/101oscarcar.gr\/wp-content\/uploads\/2024\/05\/sfentoni.jpg"},{"@type":"BreadcrumbList","@id":"https:\/\/101oscarcar.gr\/places-to-visit\/sfentoni-cave\/#breadcrumb","itemListElement":[{"@type":"ListItem","position":1,"name":"Lieux \u00e0 visiter","item":"https:\/\/101oscarcar.gr\/places-to-visit\/"},{"@type":"ListItem","position":2,"name":"La grotte de Sfentoni"}]},{"@type":"WebSite","@id":"https:\/\/101oscarcar.gr\/#website","url":"https:\/\/101oscarcar.gr\/","name":"101 Oscar Car - Cheap car rentals in Crete: Chania - Rethymno - Heraklion","description":"Rent a car all over Crete","potentialAction":[{"@type":"SearchAction","target":{"@type":"EntryPoint","urlTemplate":"https:\/\/101oscarcar.gr\/?s={search_term_string}"},"query-input":{"@type":"PropertyValueSpecification","valueRequired":true,"valueName":"search_term_string"}}],"inLanguage":"fr-FR"}]}},"_links":{"self":[{"href":"https:\/\/101oscarcar.gr\/fr\/wp-json\/wp\/v2\/pages\/2747","targetHints":{"allow":["GET"]}}],"collection":[{"href":"https:\/\/101oscarcar.gr\/fr\/wp-json\/wp\/v2\/pages"}],"about":[{"href":"https:\/\/101oscarcar.gr\/fr\/wp-json\/wp\/v2\/types\/page"}],"author":[{"embeddable":true,"href":"https:\/\/101oscarcar.gr\/fr\/wp-json\/wp\/v2\/users\/1"}],"replies":[{"embeddable":true,"href":"https:\/\/101oscarcar.gr\/fr\/wp-json\/wp\/v2\/comments?post=2747"}],"version-history":[{"count":0,"href":"https:\/\/101oscarcar.gr\/fr\/wp-json\/wp\/v2\/pages\/2747\/revisions"}],"up":[{"embeddable":true,"href":"https:\/\/101oscarcar.gr\/fr\/wp-json\/wp\/v2\/pages\/1271"}],"wp:attachment":[{"href":"https:\/\/101oscarcar.gr\/fr\/wp-json\/wp\/v2\/media?parent=2747"}],"curies":[{"name":"wp","href":"https:\/\/api.w.org\/{rel}","templated":true}]}}